{"id":152,"date":"2022-11-18T12:20:57","date_gmt":"2022-11-18T12:20:57","guid":{"rendered":"https:\/\/art-du-tonneau.fr\/?page_id=152"},"modified":"2022-12-18T12:49:57","modified_gmt":"2022-12-18T12:49:57","slug":"mentions-legales","status":"publish","type":"page","link":"https:\/\/art-du-tonneau.fr\/en\/mentions-legales","title":{"rendered":"Mentions l\u00e9gales"},"content":{"rendered":"<p>[et_pb_section fb_built=&#8221;1&#8243; _builder_version=&#8221;4.19.4&#8243; _module_preset=&#8221;default&#8221; global_colors_info=&#8221;{}&#8221;][et_pb_row _builder_version=&#8221;4.19.4&#8243; _module_preset=&#8221;default&#8221; global_colors_info=&#8221;{}&#8221;][et_pb_column type=&#8221;4_4&#8243; _builder_version=&#8221;4.19.4&#8243; _module_preset=&#8221;default&#8221; global_colors_info=&#8221;{}&#8221;][et_pb_text _builder_version=&#8221;4.19.4&#8243; _module_preset=&#8221;default&#8221; hover_enabled=&#8221;0&#8243; global_colors_info=&#8221;{}&#8221; sticky_enabled=&#8221;0&#8243;]<\/p>\n<h1><strong>Mentions l\u00e9gales<\/strong><\/h1>\n<p>&nbsp;<\/p>\n<p>Nous vous remercions de votre visite sur le site https:\/\/art-du-tonneau.fr.<\/p>\n<p>Vous trouverez ci-dessous notre politique en mati\u00e8re de traitement de donn\u00e9es personnelles. Nous vous engageons vivement \u00e0 la lire, en visitant ce site vous acceptez les pratiques que nous d\u00e9taillons et vous adh\u00e9rez aux termes et conditions \u00e9nonc\u00e9es ci-apr\u00e8s.<\/p>\n<p>Le site <a href=\"https:\/\/art-du-tonneau.fr\">https:\/\/art-du-tonneau.fr<\/a> est destin\u00e9 \u00e0 l\u2019information personnelle des internautes qui l\u2019utilisent<\/p>\n<p><strong>Informations g\u00e9n\u00e9rales :<\/strong><br \/>Ce site est propri\u00e9t\u00e9 de ART DU TONNEAU<br \/>Si\u00e8ge social :\u00a018 Rue du Reuil, 21190, Corpeau<\/p>\n<p><span class=\"LrzXr\">N\u00b0 SIRET 53334846200029<\/span><\/p>\n<p>Ce site est maintenu par : Fr\u00e9deric GILLET<br \/>Ce site est h\u00e9berg\u00e9 par : 1&amp;1 IONOS SARL &#8211; <span class=\"w8qArf\"><\/span><span class=\"LrzXr\">7 Pl. de la Gare, 57200 Sarreguemines<\/span><br \/>T\u00e9l\u00e9phone : <span><span class=\"LrzXr zdqRlf kno-fv\"><a data-dtype=\"d3ph\" data-local-attribute=\"d3ph\" jscontroller=\"LWZElb\" href=\"https:\/\/www.google.com\/search?client=firefox-b-d&amp;q=asresse+ionos#\" jsdata=\"QKGTRc;_;B3\/OkM\" jsaction=\"rcuQ6b:npT2md;F75qrd\" data-ved=\"2ahUKEwiD3LW5mIP8AhVFQaQEHdxiDggQkAgoAHoECFsQAw\"><span aria-label=\"Appeler le 09 70 80 89 11\">09 70 80 89 11<\/span><\/a><\/span><\/span><\/p>\n<p><strong>Droit applicable :<\/strong><br \/>Le site Internet <a href=\"https:\/\/art-du-tonneau.fr\">https:\/\/art-du-tonneau.fr<\/a> et les pr\u00e9sentes conditions g\u00e9n\u00e9rales sont soumises au droit fran\u00e7ais et sont r\u00e9dig\u00e9es en fran\u00e7ais.<\/p>\n<p>ART DU TONNEAU se r\u00e9serve le droit de modifier les pr\u00e9sentes mentions \u00e0 tout moment. L\u2019utilisateur s\u2019engage \u00e0 la consulter r\u00e9guli\u00e8rement.<\/p>\n<p><strong>Protection des donn\u00e9es personnelles :<\/strong><br \/>La consultation du site <a href=\"https:\/\/art-du-tonneau.fr\">https:\/\/art-du-tonneau.fr<\/a> est possible sans que vous ayez \u00e0 r\u00e9v\u00e9ler votre identit\u00e9 ou toute autre information \u00e0 caract\u00e8re personnel vous concernant.<br \/>La soci\u00e9t\u00e9 ART DU TONNEAU s\u2019engage \u00e0 respecter votre vie priv\u00e9e et \u00e0 prot\u00e9ger les informations que vous lui communiquez. En particulier, les donn\u00e9es personnelles collect\u00e9es sur le site Internet <a href=\"https:\/\/art-du-tonneau.fr\">https:\/\/art-du-tonneau.fr<\/a> sont destin\u00e9es \u00e0 l\u2019usage de (nom soci\u00e9t\u00e9). Elles sont confidentielles et trait\u00e9es comme telles.<\/p>\n<p>Concernant les informations \u00e0 caract\u00e8re nominatif que vous seriez amen\u00e9s \u00e0 nous communiquer, vous b\u00e9n\u00e9ficiez d\u2019un droit d\u2019acc\u00e8s et de rectification conform\u00e9ment \u00e0 la loi fran\u00e7aise Informatique et Libert\u00e9 n\u00b0 78-17 du 6 janvier 1978. Vous pouvez exercer ce droit aupr\u00e8s de (Nom et adresse soci\u00e9t\u00e9)<br \/>Si vous \u00eates abonn\u00e9s \u00e0 des services d\u2019information par courrier \u00e9lectronique (\u00ab newsletter \u00bb) vous pouvez demander \u00e0 ne plus recevoir ces courriers.<\/p>\n<p>Nous vous signalons qu\u2019afin de vous proposer des produits et services toujours plus adapt\u00e9s, certaines informations \u00e0 caract\u00e8re non personnel, relatives \u00e0 votre activit\u00e9 sur ce site, seront automatiquement collect\u00e9es. Ces informations sont destin\u00e9es \u00e0 ART DU TONNEAU et pourront \u00e9galement \u00eatre utilis\u00e9es dans le cadre d\u2019op\u00e9rations commerciales ou de marketing ou servir de base \u00e0 des \u00e9tudes et analyses.<\/p>\n<p>Ces informations ne seront en aucun cas communiqu\u00e9es \u00e0 des tiers. Seul le personnel d&#8217;ART DU TONNEAU ont acc\u00e8s aux donn\u00e9es.<\/p>\n<p><strong>S\u00e9curit\u00e9 :<\/strong><br \/>Nous prenons toutes les pr\u00e9cautions utiles afin de pr\u00e9server l\u2019int\u00e9grit\u00e9 des donn\u00e9es, leur confidentialit\u00e9 et emp\u00eacher toute communication \u00e0 des tiers non autoris\u00e9s.<\/p>\n<p><strong>Liens hypertextes :<\/strong><br \/>La mise en place d\u2019un lien hypertexte vers le site <a href=\"https:\/\/art-du-tonneau.fr\">https:\/\/art-du-tonneau.fr<\/a> ne n\u00e9cessite pas d\u2019autorisation pr\u00e9alable et \u00e9crite \u00e0 ART DU TONNEAU &#8211; 18 Rue du Reuil, 21190, Corpeau. N\u00e9anmoins, ART DU TONNEAU doit en \u00eatre inform\u00e9 dans un d\u00e9lai maximum de 30 jours apr\u00e8s la mise en place du lien.<\/p>\n<p>En tout \u00e9tat de cause, ART DU TONNEAU n\u2019est en aucun cas tenue responsable du contenu ainsi que des produits ou services propos\u00e9s sur les sites auxquels le site <a href=\"https:\/\/art-du-tonneau.fr\">https:\/\/art-du-tonneau.fr<\/a> se trouverait li\u00e9 par des liens hypertextes ou tout autre type de lien.<\/p>\n<p><strong>Droits de propri\u00e9t\u00e9 intellectuelle :<\/strong><br \/>ART DU TONNEAU avise les utilisateurs de ce site que de nombreux \u00e9l\u00e9ments de ce site :<br \/>a) sont prot\u00e9g\u00e9s par la l\u00e9gislation sur le droit d\u2019auteur : ce peut \u00eatre notamment le cas des photographies, des articles, des dessins, des s\u00e9quences anim\u00e9es, \u2026;<br \/>b) et\/ou sont prot\u00e9g\u00e9s par la l\u00e9gislation sur les dessins et mod\u00e8les ;<br \/>c) sont prot\u00e9g\u00e9s par la l\u00e9gislation sur les marques.<\/p>\n<p>Les \u00e9l\u00e9ments ainsi prot\u00e9g\u00e9s sont la propri\u00e9t\u00e9 d&#8217;ART DU TONNEAU ou de tiers ayant autoris\u00e9 ART DU TONNEAU \u00e0 les exploiter.<\/p>\n<p>Toute reproduction, repr\u00e9sentation, utilisation, adaptation, modification, incorporation, traduction, commercialisation, partielles ou int\u00e9grales par quelque proc\u00e9d\u00e9 et sur quelque support que ce soit (papier, num\u00e9rique, \u2026) sont interdites, sans l\u2019autorisation \u00e9crite pr\u00e9alable d&#8217;ART DU TONNEAU, hormis les exceptions vis\u00e9es \u00e0 l\u2019article L 122.5 du Code de la Propri\u00e9t\u00e9 Intellectuelle, sous peine de constituer un d\u00e9lit de contrefa\u00e7on de droit d\u2019auteur et\/ou de 150 000\u20ac d\u2019amende.<\/p>\n<p><strong>Droits d\u2019auteur et\/ou Droits sur les Dessins et Mod\u00e8les :<\/strong><br \/>Les photographies, textes, slogans, dessins, images, s\u00e9quences anim\u00e9es sonores ou non ainsi que toutes les \u0153uvres int\u00e9gr\u00e9es dans le site sont la propri\u00e9t\u00e9 d&#8217;ART DU TONNEAU ou de tiers ayant autoris\u00e9 ART DU TONNEAU \u00e0 les utiliser ou libres de droits.<\/p>\n<p>Les reproductions, sur un support papier ou informatique, dudit site sont autoris\u00e9es sous r\u00e9serve qu\u2019elles soient strictement r\u00e9serv\u00e9es \u00e0 un usage personnel excluant tout usage \u00e0 des fins publicitaires et\/ou commerciales et\/ou d\u2019information et\/ou qu\u2019elles soient conformes aux dispositions de l\u2019article L122-5 du Code de la Propri\u00e9t\u00e9 Intellectuelle.<\/p>\n<p><strong>Informations relatives aux produits :<\/strong><br \/>Dans le cadre d\u2019une politique d\u2019am\u00e9lioration constante de ses produits et services, ART DU TONNEAU peut modifier \u00e0 tout moment les caract\u00e9ristiques de son offre. Les produits et\/ou services pr\u00e9sent\u00e9s sur ce site sont ceux distribu\u00e9s en France m\u00e9tropolitaine.<\/p>\n<p>En tout \u00e9tat de cause, les informations contenues sur ce site sont des informations \u00e0 caract\u00e8re g\u00e9n\u00e9ral et n\u2019ont pas valeur contractuelle.<\/p>\n<p><strong>Limitation de responsabilit\u00e9 :<\/strong><br \/>Vous utilisez le site <a href=\"https:\/\/art-du-tonneau.fr\">https:\/\/art-du-tonneau.fr<\/a> sous votre seule et enti\u00e8re responsabilit\u00e9. (nom soci\u00e9t\u00e9) ne pourra \u00eatre tenu pour responsable des dommages directs ou indirects, tels que, notamment, pr\u00e9judice mat\u00e9riel, pertes de donn\u00e9es ou de programme, pr\u00e9judice financier, r\u00e9sultant de l\u2019utilisation de ce site ou de sites qui lui sont li\u00e9s.<\/p>\n<p><strong>Mise \u00e0 jour :<\/strong><br \/>ART DU TONNEAU se r\u00e9serve le droit de modifier et de mettre \u00e0 jour, sans pr\u00e9avis, les pr\u00e9sentes mentions l\u00e9gales et tous les \u00e9l\u00e9ments, produits pr\u00e9sent\u00e9s sur le site. L\u2019ensemble de ces modifications s\u2019impose aux internautes qui doivent consulter les pr\u00e9sentes Conditions G\u00e9n\u00e9rales lors de chaque connexion.<\/p>\n<p><strong>Donn\u00e9es statistiques de suivi :<\/strong><br \/>Nous utilisons les donn\u00e9es de connexion pour nos statistiques de consultation (type de navigateur, nombre de visiteurs, rubriques visit\u00e9es\u2026) pour l\u2019optimisation de notre site en termes de rubriques et de navigation, mais ces informations ne sont pas transmises \u00e0 des tiers.<\/p>\n<p><strong>La reproduction sur support papier :<\/strong><br \/>A l\u2019exception de l\u2019iconographie, la reproduction des pages de ce site sur un support papier est autoris\u00e9e, sous r\u00e9serve du respect des trois conditions suivantes :<\/p>\n<p>\u2013 gratuit\u00e9 de la diffusion.<\/p>\n<p>\u2013 respect de l\u2019int\u00e9grit\u00e9 des documents reproduits (aucune modification, ni alt\u00e9ration d\u2019aucune sorte).<br \/>\u2013 citation explicite du site <a href=\"https:\/\/art-du-tonneau.fr\">https:\/\/art-du-tonneau.fr<\/a> comme source et mention que les droits de reproduction sont r\u00e9serv\u00e9s et strictement limit\u00e9es.<\/p>\n<p>[\/et_pb_text][\/et_pb_column][\/et_pb_row][\/et_pb_section]<\/p>\n","protected":false},"excerpt":{"rendered":"<p>Mentions l\u00e9gales &nbsp; Nous vous remercions de votre visite sur le site https:\/\/art-du-tonneau.fr. Vous trouverez ci-dessous notre politique en mati\u00e8re de traitement de donn\u00e9es personnelles. Nous vous engageons vivement \u00e0 la lire, en visitant ce site vous acceptez les pratiques que nous d\u00e9taillons et vous adh\u00e9rez aux termes et conditions \u00e9nonc\u00e9es ci-apr\u00e8s. Le site https:\/\/art-du-tonneau.fr [&hellip;]<\/p>\n","protected":false},"author":1,"featured_media":0,"parent":0,"menu_order":0,"comment_status":"closed","ping_status":"closed","template":"","meta":{"_et_pb_use_builder":"on","_et_pb_old_content":"","_et_gb_content_width":"","footnotes":""},"class_list":["post-152","page","type-page","status-publish","hentry"],"yoast_head":"<!-- This site is optimized with the Yoast SEO plugin v27.3 - https:\/\/yoast.com\/product\/yoast-seo-wordpress\/ -->\n<title>Mentions l\u00e9gales - ART DU TONNEAU<\/title>\n<meta name=\"robots\" content=\"index, follow, max-snippet:-1, max-image-preview:large, max-video-preview:-1\" \/>\n<link rel=\"canonical\" href=\"https:\/\/art-du-tonneau.fr\/en\/mentions-legales\/\" \/>\n<meta property=\"og:locale\" content=\"en_GB\" \/>\n<meta property=\"og:type\" content=\"article\" \/>\n<meta property=\"og:title\" content=\"Mentions l\u00e9gales - ART DU TONNEAU\" \/>\n<meta property=\"og:description\" content=\"Mentions l\u00e9gales &nbsp; Nous vous remercions de votre visite sur le site https:\/\/art-du-tonneau.fr. Vous trouverez ci-dessous notre politique en mati\u00e8re de traitement de donn\u00e9es personnelles. Nous vous engageons vivement \u00e0 la lire, en visitant ce site vous acceptez les pratiques que nous d\u00e9taillons et vous adh\u00e9rez aux termes et conditions \u00e9nonc\u00e9es ci-apr\u00e8s. Le site https:\/\/art-du-tonneau.fr [&hellip;]\" \/>\n<meta property=\"og:url\" content=\"https:\/\/art-du-tonneau.fr\/en\/mentions-legales\/\" \/>\n<meta property=\"og:site_name\" content=\"ART DU TONNEAU\" \/>\n<meta property=\"article:publisher\" content=\"https:\/\/www.facebook.com\/login\/?next=httpswww.facebook.comart.dutonneau\" \/>\n<meta property=\"article:modified_time\" content=\"2022-12-18T12:49:57+00:00\" \/>\n<meta property=\"og:image\" content=\"https:\/\/art-du-tonneau.fr\/wp-content\/uploads\/2022\/11\/Etape-311.jpg\" \/>\n\t<meta property=\"og:image:width\" content=\"700\" \/>\n\t<meta property=\"og:image:height\" content=\"467\" \/>\n\t<meta property=\"og:image:type\" content=\"image\/jpeg\" \/>\n<meta name=\"twitter:card\" content=\"summary_large_image\" \/>\n<meta name=\"twitter:label1\" content=\"Estimated reading time\" \/>\n\t<meta name=\"twitter:data1\" content=\"6 minutes\" \/>\n<script type=\"application\/ld+json\" class=\"yoast-schema-graph\">{\"@context\":\"https:\\\/\\\/schema.org\",\"@graph\":[{\"@type\":\"WebPage\",\"@id\":\"https:\\\/\\\/art-du-tonneau.fr\\\/mentions-legales\",\"url\":\"https:\\\/\\\/art-du-tonneau.fr\\\/mentions-legales\",\"name\":\"Mentions l\u00e9gales - ART DU TONNEAU\",\"isPartOf\":{\"@id\":\"https:\\\/\\\/art-du-tonneau.fr\\\/#website\"},\"datePublished\":\"2022-11-18T12:20:57+00:00\",\"dateModified\":\"2022-12-18T12:49:57+00:00\",\"breadcrumb\":{\"@id\":\"https:\\\/\\\/art-du-tonneau.fr\\\/mentions-legales#breadcrumb\"},\"inLanguage\":\"en-GB\",\"potentialAction\":[{\"@type\":\"ReadAction\",\"target\":[\"https:\\\/\\\/art-du-tonneau.fr\\\/mentions-legales\"]}]},{\"@type\":\"BreadcrumbList\",\"@id\":\"https:\\\/\\\/art-du-tonneau.fr\\\/mentions-legales#breadcrumb\",\"itemListElement\":[{\"@type\":\"ListItem\",\"position\":1,\"name\":\"Accueil\",\"item\":\"https:\\\/\\\/art-du-tonneau.fr\\\/\"},{\"@type\":\"ListItem\",\"position\":2,\"name\":\"Mentions l\u00e9gales\"}]},{\"@type\":\"WebSite\",\"@id\":\"https:\\\/\\\/art-du-tonneau.fr\\\/#website\",\"url\":\"https:\\\/\\\/art-du-tonneau.fr\\\/\",\"name\":\"ART DU TONNEAU\",\"description\":\"D\u00e9couvrez la tonnellerie autrement avec un concept unique en France. Une expertise autour du tonneau . La vente de produits originaux sur le th\u00e8me de la tonnellerie.\",\"publisher\":{\"@id\":\"https:\\\/\\\/art-du-tonneau.fr\\\/#organization\"},\"potentialAction\":[{\"@type\":\"SearchAction\",\"target\":{\"@type\":\"EntryPoint\",\"urlTemplate\":\"https:\\\/\\\/art-du-tonneau.fr\\\/?s={search_term_string}\"},\"query-input\":{\"@type\":\"PropertyValueSpecification\",\"valueRequired\":true,\"valueName\":\"search_term_string\"}}],\"inLanguage\":\"en-GB\"},{\"@type\":\"Organization\",\"@id\":\"https:\\\/\\\/art-du-tonneau.fr\\\/#organization\",\"name\":\"ART DU TONNEAU\",\"url\":\"https:\\\/\\\/art-du-tonneau.fr\\\/\",\"logo\":{\"@type\":\"ImageObject\",\"inLanguage\":\"en-GB\",\"@id\":\"https:\\\/\\\/art-du-tonneau.fr\\\/#\\\/schema\\\/logo\\\/image\\\/\",\"url\":\"https:\\\/\\\/art-du-tonneau.fr\\\/wp-content\\\/uploads\\\/2022\\\/11\\\/Logo-ADT1.jpg\",\"contentUrl\":\"https:\\\/\\\/art-du-tonneau.fr\\\/wp-content\\\/uploads\\\/2022\\\/11\\\/Logo-ADT1.jpg\",\"width\":500,\"height\":199,\"caption\":\"ART DU TONNEAU\"},\"image\":{\"@id\":\"https:\\\/\\\/art-du-tonneau.fr\\\/#\\\/schema\\\/logo\\\/image\\\/\"},\"sameAs\":[\"https:\\\/\\\/www.facebook.com\\\/login\\\/?next=httpswww.facebook.comart.dutonneau\",\"https:\\\/\\\/www.linkedin.com\\\/in\\\/gillet-frdric-42ba4abb\",\"https:\\\/\\\/www.instagram.com\\\/art_du_tonneau\\\/\"]}]}<\/script>\n<!-- \/ Yoast SEO plugin. -->","yoast_head_json":{"title":"Mentions l\u00e9gales - ART DU TONNEAU","robots":{"index":"index","follow":"follow","max-snippet":"max-snippet:-1","max-image-preview":"max-image-preview:large","max-video-preview":"max-video-preview:-1"},"canonical":"https:\/\/art-du-tonneau.fr\/en\/mentions-legales\/","og_locale":"en_GB","og_type":"article","og_title":"Mentions l\u00e9gales - ART DU TONNEAU","og_description":"Mentions l\u00e9gales &nbsp; Nous vous remercions de votre visite sur le site https:\/\/art-du-tonneau.fr. Vous trouverez ci-dessous notre politique en mati\u00e8re de traitement de donn\u00e9es personnelles. Nous vous engageons vivement \u00e0 la lire, en visitant ce site vous acceptez les pratiques que nous d\u00e9taillons et vous adh\u00e9rez aux termes et conditions \u00e9nonc\u00e9es ci-apr\u00e8s. Le site https:\/\/art-du-tonneau.fr [&hellip;]","og_url":"https:\/\/art-du-tonneau.fr\/en\/mentions-legales\/","og_site_name":"ART DU TONNEAU","article_publisher":"https:\/\/www.facebook.com\/login\/?next=httpswww.facebook.comart.dutonneau","article_modified_time":"2022-12-18T12:49:57+00:00","og_image":[{"width":700,"height":467,"url":"https:\/\/art-du-tonneau.fr\/wp-content\/uploads\/2022\/11\/Etape-311.jpg","type":"image\/jpeg"}],"twitter_card":"summary_large_image","twitter_misc":{"Estimated reading time":"6 minutes"},"schema":{"@context":"https:\/\/schema.org","@graph":[{"@type":"WebPage","@id":"https:\/\/art-du-tonneau.fr\/mentions-legales","url":"https:\/\/art-du-tonneau.fr\/mentions-legales","name":"Mentions l\u00e9gales - ART DU TONNEAU","isPartOf":{"@id":"https:\/\/art-du-tonneau.fr\/#website"},"datePublished":"2022-11-18T12:20:57+00:00","dateModified":"2022-12-18T12:49:57+00:00","breadcrumb":{"@id":"https:\/\/art-du-tonneau.fr\/mentions-legales#breadcrumb"},"inLanguage":"en-GB","potentialAction":[{"@type":"ReadAction","target":["https:\/\/art-du-tonneau.fr\/mentions-legales"]}]},{"@type":"BreadcrumbList","@id":"https:\/\/art-du-tonneau.fr\/mentions-legales#breadcrumb","itemListElement":[{"@type":"ListItem","position":1,"name":"Accueil","item":"https:\/\/art-du-tonneau.fr\/"},{"@type":"ListItem","position":2,"name":"Mentions l\u00e9gales"}]},{"@type":"WebSite","@id":"https:\/\/art-du-tonneau.fr\/#website","url":"https:\/\/art-du-tonneau.fr\/","name":"ART DU TONNEAU","description":"D\u00e9couvrez la tonnellerie autrement avec un concept unique en France. Une expertise autour du tonneau . La vente de produits originaux sur le th\u00e8me de la tonnellerie.","publisher":{"@id":"https:\/\/art-du-tonneau.fr\/#organization"},"potentialAction":[{"@type":"SearchAction","target":{"@type":"EntryPoint","urlTemplate":"https:\/\/art-du-tonneau.fr\/?s={search_term_string}"},"query-input":{"@type":"PropertyValueSpecification","valueRequired":true,"valueName":"search_term_string"}}],"inLanguage":"en-GB"},{"@type":"Organization","@id":"https:\/\/art-du-tonneau.fr\/#organization","name":"ART DU TONNEAU","url":"https:\/\/art-du-tonneau.fr\/","logo":{"@type":"ImageObject","inLanguage":"en-GB","@id":"https:\/\/art-du-tonneau.fr\/#\/schema\/logo\/image\/","url":"https:\/\/art-du-tonneau.fr\/wp-content\/uploads\/2022\/11\/Logo-ADT1.jpg","contentUrl":"https:\/\/art-du-tonneau.fr\/wp-content\/uploads\/2022\/11\/Logo-ADT1.jpg","width":500,"height":199,"caption":"ART DU TONNEAU"},"image":{"@id":"https:\/\/art-du-tonneau.fr\/#\/schema\/logo\/image\/"},"sameAs":["https:\/\/www.facebook.com\/login\/?next=httpswww.facebook.comart.dutonneau","https:\/\/www.linkedin.com\/in\/gillet-frdric-42ba4abb","https:\/\/www.instagram.com\/art_du_tonneau\/"]}]}},"_links":{"self":[{"href":"https:\/\/art-du-tonneau.fr\/en\/wp-json\/wp\/v2\/pages\/152","targetHints":{"allow":["GET"]}}],"collection":[{"href":"https:\/\/art-du-tonneau.fr\/en\/wp-json\/wp\/v2\/pages"}],"about":[{"href":"https:\/\/art-du-tonneau.fr\/en\/wp-json\/wp\/v2\/types\/page"}],"author":[{"embeddable":true,"href":"https:\/\/art-du-tonneau.fr\/en\/wp-json\/wp\/v2\/users\/1"}],"replies":[{"embeddable":true,"href":"https:\/\/art-du-tonneau.fr\/en\/wp-json\/wp\/v2\/comments?post=152"}],"version-history":[{"count":0,"href":"https:\/\/art-du-tonneau.fr\/en\/wp-json\/wp\/v2\/pages\/152\/revisions"}],"wp:attachment":[{"href":"https:\/\/art-du-tonneau.fr\/en\/wp-json\/wp\/v2\/media?parent=152"}],"curies":[{"name":"wp","href":"https:\/\/api.w.org\/{rel}","templated":true}]}}