{"id":1233,"date":"2025-01-16T15:08:15","date_gmt":"2025-01-16T15:08:15","guid":{"rendered":"https:\/\/art-du-tonneau.fr\/?post_type=product&#038;p=1233"},"modified":"2025-03-04T09:06:49","modified_gmt":"2025-03-04T09:06:49","slug":"demi-tonneau-228l-gamme-integral-ponce-integralement","status":"publish","type":"product","link":"https:\/\/art-du-tonneau.fr\/en\/product\/demi-tonneau-228l-gamme-integral-ponce-integralement","title":{"rendered":"Demi tonneau 228L Gamme int\u00e9gral 44cm ( ponc\u00e9 int\u00e9gralement)"},"content":{"rendered":"<p>[et_pb_section fb_built=&#8221;1&#8243; _builder_version=&#8221;4.16&#8243; custom_padding=&#8221;0px||||false|false&#8221; global_colors_info=&#8221;{}&#8221;][et_pb_row _builder_version=&#8221;4.16&#8243; background_size=&#8221;initial&#8221; background_position=&#8221;top_left&#8221; background_repeat=&#8221;repeat&#8221; width=&#8221;100%&#8221; custom_padding=&#8221;0px||0px||false|false&#8221; global_colors_info=&#8221;{}&#8221;][et_pb_column type=&#8221;4_4&#8243; _builder_version=&#8221;4.16&#8243; custom_padding=&#8221;|||&#8221; global_colors_info=&#8221;{}&#8221; custom_padding__hover=&#8221;|||&#8221;][et_pb_wc_breadcrumb _builder_version=&#8221;4.16&#8243; global_colors_info=&#8221;{}&#8221;][\/et_pb_wc_breadcrumb][et_pb_wc_cart_notice _builder_version=&#8221;4.16&#8243; global_colors_info=&#8221;{}&#8221;][\/et_pb_wc_cart_notice][\/et_pb_column][\/et_pb_row][et_pb_row _builder_version=&#8221;4.16&#8243; background_size=&#8221;initial&#8221; background_position=&#8221;top_left&#8221; background_repeat=&#8221;repeat&#8221; width=&#8221;100%&#8221; custom_padding=&#8221;0px||||false|false&#8221; global_colors_info=&#8221;{}&#8221; column_structure=&#8221;1_2,1_2&#8243;][et_pb_column type=&#8221;1_2&#8243; _builder_version=&#8221;4.16&#8243; custom_padding=&#8221;|||&#8221; global_colors_info=&#8221;{}&#8221; custom_padding__hover=&#8221;|||&#8221;][et_pb_wc_images _builder_version=&#8221;4.16&#8243; global_colors_info=&#8221;{}&#8221;][\/et_pb_wc_images][\/et_pb_column][et_pb_column type=&#8221;1_2&#8243; _builder_version=&#8221;4.16&#8243; custom_padding=&#8221;|||&#8221; global_colors_info=&#8221;{}&#8221; custom_padding__hover=&#8221;|||&#8221;][et_pb_wc_title _builder_version=&#8221;4.16&#8243; global_colors_info=&#8221;{}&#8221;][\/et_pb_wc_title][et_pb_wc_rating _builder_version=&#8221;4.16&#8243; global_colors_info=&#8221;{}&#8221;][\/et_pb_wc_rating][et_pb_wc_price _builder_version=&#8221;4.16&#8243; global_colors_info=&#8221;{}&#8221;][\/et_pb_wc_price][et_pb_wc_description _builder_version=&#8221;4.16&#8243; global_colors_info=&#8221;{}&#8221;][\/et_pb_wc_description][et_pb_wc_meta _builder_version=&#8221;4.16&#8243; global_colors_info=&#8221;{}&#8221;][\/et_pb_wc_meta][et_pb_button button_url=&#8221;https:\/\/art-du-tonneau.fr\/contact&#8221; button_text=&#8221;Demander un devis pour la livraison&#8221; _builder_version=&#8221;4.27.4&#8243; _module_preset=&#8221;default&#8221; global_colors_info=&#8221;{}&#8221; theme_builder_area=&#8221;post_content&#8221;][\/et_pb_button][\/et_pb_column][\/et_pb_row][et_pb_row _builder_version=&#8221;4.16&#8243; background_size=&#8221;initial&#8221; background_position=&#8221;top_left&#8221; background_repeat=&#8221;repeat&#8221; width=&#8221;100%&#8221; global_colors_info=&#8221;{}&#8221;][et_pb_column type=&#8221;4_4&#8243; _builder_version=&#8221;4.16&#8243; custom_padding=&#8221;|||&#8221; global_colors_info=&#8221;{}&#8221; custom_padding__hover=&#8221;|||&#8221;][et_pb_wc_tabs _builder_version=&#8221;4.16&#8243; global_colors_info=&#8221;{}&#8221;]\t\t\t\t\t[\/et_pb_wc_tabs][et_pb_wc_upsells _builder_version=&#8221;4.16&#8243; global_colors_info=&#8221;{}&#8221;][\/et_pb_wc_upsells][et_pb_wc_related_products _builder_version=&#8221;4.16&#8243; global_colors_info=&#8221;{}&#8221;][\/et_pb_wc_related_products][\/et_pb_column][\/et_pb_row][\/et_pb_section]<\/p>\n","protected":false},"excerpt":{"rendered":"<p><strong>Demi-Tonneau de 228L\u00a0 ponc\u00e9<\/strong><\/p>\n<p>Ce demi-tonneau a \u00e9t\u00e9 coup\u00e9 dans nos locaux de mani\u00e8re artisanale. Il a \u00e9t\u00e9 produit \u00e0 partir d\u2019un tonneau 228L en ch\u00eane fran\u00e7ais ayant accueilli nos Grands Vins de Bourgogne. \ud83c\udf77<\/p>\n<p>Coque nettoy\u00e9e et ponc\u00e9e int\u00e9gralement<\/p>\n<p>Clean Inside<\/p>\n<p>Tightened and screwed circles<\/p>\n<p>This half barrel can be used in your garden as a flower pot or as a water container or in your home as a coffee table.<\/p>\n<p>Size:<\/p>\n<p>Thickness: 27 mm<\/p>\n<p>Up diameter : 60 cm<\/p>\n<p>Diameter moves: 72 cm<\/p>\n<p>Height : 44 cm<\/p>\n<p>Weight : 25 kg<\/p>\n<p>Photos non contractuelles, cela d\u00e9pend de l\u2019arrivage.<\/p>","protected":false},"featured_media":639,"template":"","meta":{"_et_pb_use_builder":"on","_et_pb_old_content":"<div class=\"et_pb_module et_pb_wc_description et_pb_wc_description_0 et_pb_bg_layout_light  et_pb_text_align_left\">\r\n<div class=\"et_pb_module_inner\">\r\n\r\n<strong>Demi-Tonneau de 228L\u00a0 ponc\u00e9<\/strong>\r\n\r\nCe demi-tonneau a \u00e9t\u00e9 coup\u00e9 dans nos locaux de mani\u00e8re artisanale. Il a \u00e9t\u00e9 produit \u00e0 partir d\u2019un tonneau 228L en ch\u00eane fran\u00e7ais ayant accueilli nos Grands Vins de Bourgogne. \ud83c\udf77\r\n\r\nCoque nettoy\u00e9e et ponc\u00e9e int\u00e9gralement\r\n\r\nInt\u00e9rieur Propre\r\n\r\nCercles Serr\u00e9s et viss\u00e9s\r\n\r\nCe demi-tonneau peut servir pour votre jardin comme pot de fleurs ou encore comme bac \u00e0 eau ou dans votre int\u00e9rieur comme table basse.\r\n\r\nDimensions :\r\n\r\n\u00c9paisseur : 27mm\r\n\r\nDiam\u00e8tre t\u00eate : 60cm\r\n\r\nDiam\u00e8tre Bouge : 72cm\r\n\r\nHauteur : 44cm\r\n\r\nPoids 25kg\r\n\r\nPhotos non contractuelles, cela d\u00e9pend de l\u2019arrivage.\r\n\r\n<\/div>\r\n<\/div>","_et_gb_content_width":""},"product_brand":[],"product_cat":[39,46],"product_tag":[],"class_list":{"0":"post-1233","1":"product","2":"type-product","3":"status-publish","4":"has-post-thumbnail","6":"product_cat-creations","7":"product_cat-demi-tonneau-228l","9":"first","10":"instock","11":"taxable","12":"shipping-taxable","13":"purchasable","14":"product-type-simple"},"yoast_head":"<!-- This site is optimized with the Yoast SEO plugin v27.3 - https:\/\/yoast.com\/product\/yoast-seo-wordpress\/ -->\n<title>Demi tonneau 228L Gamme int\u00e9gral 44cm ( ponc\u00e9 int\u00e9gralement) - ART DU TONNEAU<\/title>\n<meta name=\"description\" content=\"Ce demi-tonneau a \u00e9t\u00e9 coup\u00e9 dans nos locaux de mani\u00e8re artisanale. Il a \u00e9t\u00e9 produit \u00e0 partir d\u2019un tonneau 228L en ch\u00eane fran\u00e7ais ayant accueilli nos Grands Vins de Bourgogne.\" \/>\n<meta name=\"robots\" content=\"index, follow, max-snippet:-1, max-image-preview:large, max-video-preview:-1\" \/>\n<link rel=\"canonical\" href=\"https:\/\/art-du-tonneau.fr\/en\/product\/demi-tonneau-228l-gamme-integral-ponce-integralement\/\" \/>\n<meta property=\"og:locale\" content=\"en_GB\" \/>\n<meta property=\"og:type\" content=\"article\" \/>\n<meta property=\"og:title\" content=\"Demi tonneau 228L Gamme int\u00e9gral 44cm ( ponc\u00e9 int\u00e9gralement) - ART DU TONNEAU\" \/>\n<meta property=\"og:description\" content=\"Ce demi-tonneau a \u00e9t\u00e9 coup\u00e9 dans nos locaux de mani\u00e8re artisanale. Il a \u00e9t\u00e9 produit \u00e0 partir d\u2019un tonneau 228L en ch\u00eane fran\u00e7ais ayant accueilli nos Grands Vins de Bourgogne.\" \/>\n<meta property=\"og:url\" content=\"https:\/\/art-du-tonneau.fr\/en\/product\/demi-tonneau-228l-gamme-integral-ponce-integralement\/\" \/>\n<meta property=\"og:site_name\" content=\"ART DU TONNEAU\" \/>\n<meta property=\"article:publisher\" content=\"https:\/\/www.facebook.com\/login\/?next=httpswww.facebook.comart.dutonneau\" \/>\n<meta property=\"article:modified_time\" content=\"2025-03-04T09:06:49+00:00\" \/>\n<meta property=\"og:image\" content=\"https:\/\/art-du-tonneau.fr\/wp-content\/uploads\/2022\/12\/Demi-tonneau.jpg\" \/>\n\t<meta property=\"og:image:width\" content=\"1800\" \/>\n\t<meta property=\"og:image:height\" content=\"1892\" \/>\n\t<meta property=\"og:image:type\" content=\"image\/jpeg\" \/>\n<meta name=\"twitter:card\" content=\"summary_large_image\" \/>\n<meta name=\"twitter:label1\" content=\"Estimated reading time\" \/>\n\t<meta name=\"twitter:data1\" content=\"1 minute\" \/>\n<script type=\"application\/ld+json\" class=\"yoast-schema-graph\">{\"@context\":\"https:\\\/\\\/schema.org\",\"@graph\":[{\"@type\":\"WebPage\",\"@id\":\"https:\\\/\\\/art-du-tonneau.fr\\\/produit\\\/demi-tonneau-228l-gamme-integral-ponce-integralement\",\"url\":\"https:\\\/\\\/art-du-tonneau.fr\\\/produit\\\/demi-tonneau-228l-gamme-integral-ponce-integralement\",\"name\":\"Demi tonneau 228L Gamme int\u00e9gral 44cm ( ponc\u00e9 int\u00e9gralement) - ART DU TONNEAU\",\"isPartOf\":{\"@id\":\"https:\\\/\\\/art-du-tonneau.fr\\\/#website\"},\"primaryImageOfPage\":{\"@id\":\"https:\\\/\\\/art-du-tonneau.fr\\\/produit\\\/demi-tonneau-228l-gamme-integral-ponce-integralement#primaryimage\"},\"image\":{\"@id\":\"https:\\\/\\\/art-du-tonneau.fr\\\/produit\\\/demi-tonneau-228l-gamme-integral-ponce-integralement#primaryimage\"},\"thumbnailUrl\":\"https:\\\/\\\/art-du-tonneau.fr\\\/wp-content\\\/uploads\\\/2022\\\/12\\\/Demi-tonneau.jpg\",\"datePublished\":\"2025-01-16T15:08:15+00:00\",\"dateModified\":\"2025-03-04T09:06:49+00:00\",\"description\":\"Ce demi-tonneau a \u00e9t\u00e9 coup\u00e9 dans nos locaux de mani\u00e8re artisanale. Il a \u00e9t\u00e9 produit \u00e0 partir d\u2019un tonneau 228L en ch\u00eane fran\u00e7ais ayant accueilli nos Grands Vins de Bourgogne.\",\"breadcrumb\":{\"@id\":\"https:\\\/\\\/art-du-tonneau.fr\\\/produit\\\/demi-tonneau-228l-gamme-integral-ponce-integralement#breadcrumb\"},\"inLanguage\":\"en-GB\",\"potentialAction\":[{\"@type\":\"ReadAction\",\"target\":[\"https:\\\/\\\/art-du-tonneau.fr\\\/produit\\\/demi-tonneau-228l-gamme-integral-ponce-integralement\"]}]},{\"@type\":\"ImageObject\",\"inLanguage\":\"en-GB\",\"@id\":\"https:\\\/\\\/art-du-tonneau.fr\\\/produit\\\/demi-tonneau-228l-gamme-integral-ponce-integralement#primaryimage\",\"url\":\"https:\\\/\\\/art-du-tonneau.fr\\\/wp-content\\\/uploads\\\/2022\\\/12\\\/Demi-tonneau.jpg\",\"contentUrl\":\"https:\\\/\\\/art-du-tonneau.fr\\\/wp-content\\\/uploads\\\/2022\\\/12\\\/Demi-tonneau.jpg\",\"width\":1800,\"height\":1892,\"caption\":\"Demi-tonneau\"},{\"@type\":\"BreadcrumbList\",\"@id\":\"https:\\\/\\\/art-du-tonneau.fr\\\/produit\\\/demi-tonneau-228l-gamme-integral-ponce-integralement#breadcrumb\",\"itemListElement\":[{\"@type\":\"ListItem\",\"position\":1,\"name\":\"Accueil\",\"item\":\"https:\\\/\\\/art-du-tonneau.fr\\\/\"},{\"@type\":\"ListItem\",\"position\":2,\"name\":\"Boutique\",\"item\":\"https:\\\/\\\/art-du-tonneau.fr\\\/en\\\/boutique\"},{\"@type\":\"ListItem\",\"position\":3,\"name\":\"Demi tonneau 228L Gamme int\u00e9gral 44cm ( ponc\u00e9 int\u00e9gralement)\"}]},{\"@type\":\"WebSite\",\"@id\":\"https:\\\/\\\/art-du-tonneau.fr\\\/#website\",\"url\":\"https:\\\/\\\/art-du-tonneau.fr\\\/\",\"name\":\"ART DU TONNEAU\",\"description\":\"D\u00e9couvrez la tonnellerie autrement avec un concept unique en France. Une expertise autour du tonneau . La vente de produits originaux sur le th\u00e8me de la tonnellerie.\",\"publisher\":{\"@id\":\"https:\\\/\\\/art-du-tonneau.fr\\\/#organization\"},\"potentialAction\":[{\"@type\":\"SearchAction\",\"target\":{\"@type\":\"EntryPoint\",\"urlTemplate\":\"https:\\\/\\\/art-du-tonneau.fr\\\/?s={search_term_string}\"},\"query-input\":{\"@type\":\"PropertyValueSpecification\",\"valueRequired\":true,\"valueName\":\"search_term_string\"}}],\"inLanguage\":\"en-GB\"},{\"@type\":\"Organization\",\"@id\":\"https:\\\/\\\/art-du-tonneau.fr\\\/#organization\",\"name\":\"ART DU TONNEAU\",\"url\":\"https:\\\/\\\/art-du-tonneau.fr\\\/\",\"logo\":{\"@type\":\"ImageObject\",\"inLanguage\":\"en-GB\",\"@id\":\"https:\\\/\\\/art-du-tonneau.fr\\\/#\\\/schema\\\/logo\\\/image\\\/\",\"url\":\"https:\\\/\\\/art-du-tonneau.fr\\\/wp-content\\\/uploads\\\/2022\\\/11\\\/Logo-ADT1.jpg\",\"contentUrl\":\"https:\\\/\\\/art-du-tonneau.fr\\\/wp-content\\\/uploads\\\/2022\\\/11\\\/Logo-ADT1.jpg\",\"width\":500,\"height\":199,\"caption\":\"ART DU TONNEAU\"},\"image\":{\"@id\":\"https:\\\/\\\/art-du-tonneau.fr\\\/#\\\/schema\\\/logo\\\/image\\\/\"},\"sameAs\":[\"https:\\\/\\\/www.facebook.com\\\/login\\\/?next=httpswww.facebook.comart.dutonneau\",\"https:\\\/\\\/www.linkedin.com\\\/in\\\/gillet-frdric-42ba4abb\",\"https:\\\/\\\/www.instagram.com\\\/art_du_tonneau\\\/\"]}]}<\/script>\n<!-- \/ Yoast SEO plugin. -->","yoast_head_json":{"title":"Demi tonneau 228L Gamme int\u00e9gral 44cm ( ponc\u00e9 int\u00e9gralement) - ART DU TONNEAU","description":"Ce demi-tonneau a \u00e9t\u00e9 coup\u00e9 dans nos locaux de mani\u00e8re artisanale. Il a \u00e9t\u00e9 produit \u00e0 partir d\u2019un tonneau 228L en ch\u00eane fran\u00e7ais ayant accueilli nos Grands Vins de Bourgogne.","robots":{"index":"index","follow":"follow","max-snippet":"max-snippet:-1","max-image-preview":"max-image-preview:large","max-video-preview":"max-video-preview:-1"},"canonical":"https:\/\/art-du-tonneau.fr\/en\/product\/demi-tonneau-228l-gamme-integral-ponce-integralement\/","og_locale":"en_GB","og_type":"article","og_title":"Demi tonneau 228L Gamme int\u00e9gral 44cm ( ponc\u00e9 int\u00e9gralement) - ART DU TONNEAU","og_description":"Ce demi-tonneau a \u00e9t\u00e9 coup\u00e9 dans nos locaux de mani\u00e8re artisanale. Il a \u00e9t\u00e9 produit \u00e0 partir d\u2019un tonneau 228L en ch\u00eane fran\u00e7ais ayant accueilli nos Grands Vins de Bourgogne.","og_url":"https:\/\/art-du-tonneau.fr\/en\/product\/demi-tonneau-228l-gamme-integral-ponce-integralement\/","og_site_name":"ART DU TONNEAU","article_publisher":"https:\/\/www.facebook.com\/login\/?next=httpswww.facebook.comart.dutonneau","article_modified_time":"2025-03-04T09:06:49+00:00","og_image":[{"width":1800,"height":1892,"url":"https:\/\/art-du-tonneau.fr\/wp-content\/uploads\/2022\/12\/Demi-tonneau.jpg","type":"image\/jpeg"}],"twitter_card":"summary_large_image","twitter_misc":{"Estimated reading time":"1 minute"},"schema":{"@context":"https:\/\/schema.org","@graph":[{"@type":"WebPage","@id":"https:\/\/art-du-tonneau.fr\/produit\/demi-tonneau-228l-gamme-integral-ponce-integralement","url":"https:\/\/art-du-tonneau.fr\/produit\/demi-tonneau-228l-gamme-integral-ponce-integralement","name":"Demi tonneau 228L Gamme int\u00e9gral 44cm ( ponc\u00e9 int\u00e9gralement) - ART DU TONNEAU","isPartOf":{"@id":"https:\/\/art-du-tonneau.fr\/#website"},"primaryImageOfPage":{"@id":"https:\/\/art-du-tonneau.fr\/produit\/demi-tonneau-228l-gamme-integral-ponce-integralement#primaryimage"},"image":{"@id":"https:\/\/art-du-tonneau.fr\/produit\/demi-tonneau-228l-gamme-integral-ponce-integralement#primaryimage"},"thumbnailUrl":"https:\/\/art-du-tonneau.fr\/wp-content\/uploads\/2022\/12\/Demi-tonneau.jpg","datePublished":"2025-01-16T15:08:15+00:00","dateModified":"2025-03-04T09:06:49+00:00","description":"Ce demi-tonneau a \u00e9t\u00e9 coup\u00e9 dans nos locaux de mani\u00e8re artisanale. Il a \u00e9t\u00e9 produit \u00e0 partir d\u2019un tonneau 228L en ch\u00eane fran\u00e7ais ayant accueilli nos Grands Vins de Bourgogne.","breadcrumb":{"@id":"https:\/\/art-du-tonneau.fr\/produit\/demi-tonneau-228l-gamme-integral-ponce-integralement#breadcrumb"},"inLanguage":"en-GB","potentialAction":[{"@type":"ReadAction","target":["https:\/\/art-du-tonneau.fr\/produit\/demi-tonneau-228l-gamme-integral-ponce-integralement"]}]},{"@type":"ImageObject","inLanguage":"en-GB","@id":"https:\/\/art-du-tonneau.fr\/produit\/demi-tonneau-228l-gamme-integral-ponce-integralement#primaryimage","url":"https:\/\/art-du-tonneau.fr\/wp-content\/uploads\/2022\/12\/Demi-tonneau.jpg","contentUrl":"https:\/\/art-du-tonneau.fr\/wp-content\/uploads\/2022\/12\/Demi-tonneau.jpg","width":1800,"height":1892,"caption":"Demi-tonneau"},{"@type":"BreadcrumbList","@id":"https:\/\/art-du-tonneau.fr\/produit\/demi-tonneau-228l-gamme-integral-ponce-integralement#breadcrumb","itemListElement":[{"@type":"ListItem","position":1,"name":"Accueil","item":"https:\/\/art-du-tonneau.fr\/"},{"@type":"ListItem","position":2,"name":"Boutique","item":"https:\/\/art-du-tonneau.fr\/en\/boutique"},{"@type":"ListItem","position":3,"name":"Demi tonneau 228L Gamme int\u00e9gral 44cm ( ponc\u00e9 int\u00e9gralement)"}]},{"@type":"WebSite","@id":"https:\/\/art-du-tonneau.fr\/#website","url":"https:\/\/art-du-tonneau.fr\/","name":"ART DU TONNEAU","description":"D\u00e9couvrez la tonnellerie autrement avec un concept unique en France. Une expertise autour du tonneau . La vente de produits originaux sur le th\u00e8me de la tonnellerie.","publisher":{"@id":"https:\/\/art-du-tonneau.fr\/#organization"},"potentialAction":[{"@type":"SearchAction","target":{"@type":"EntryPoint","urlTemplate":"https:\/\/art-du-tonneau.fr\/?s={search_term_string}"},"query-input":{"@type":"PropertyValueSpecification","valueRequired":true,"valueName":"search_term_string"}}],"inLanguage":"en-GB"},{"@type":"Organization","@id":"https:\/\/art-du-tonneau.fr\/#organization","name":"ART DU TONNEAU","url":"https:\/\/art-du-tonneau.fr\/","logo":{"@type":"ImageObject","inLanguage":"en-GB","@id":"https:\/\/art-du-tonneau.fr\/#\/schema\/logo\/image\/","url":"https:\/\/art-du-tonneau.fr\/wp-content\/uploads\/2022\/11\/Logo-ADT1.jpg","contentUrl":"https:\/\/art-du-tonneau.fr\/wp-content\/uploads\/2022\/11\/Logo-ADT1.jpg","width":500,"height":199,"caption":"ART DU TONNEAU"},"image":{"@id":"https:\/\/art-du-tonneau.fr\/#\/schema\/logo\/image\/"},"sameAs":["https:\/\/www.facebook.com\/login\/?next=httpswww.facebook.comart.dutonneau","https:\/\/www.linkedin.com\/in\/gillet-frdric-42ba4abb","https:\/\/www.instagram.com\/art_du_tonneau\/"]}]}},"_links":{"self":[{"href":"https:\/\/art-du-tonneau.fr\/en\/wp-json\/wp\/v2\/product\/1233","targetHints":{"allow":["GET"]}}],"collection":[{"href":"https:\/\/art-du-tonneau.fr\/en\/wp-json\/wp\/v2\/product"}],"about":[{"href":"https:\/\/art-du-tonneau.fr\/en\/wp-json\/wp\/v2\/types\/product"}],"wp:featuredmedia":[{"embeddable":true,"href":"https:\/\/art-du-tonneau.fr\/en\/wp-json\/wp\/v2\/media\/639"}],"wp:attachment":[{"href":"https:\/\/art-du-tonneau.fr\/en\/wp-json\/wp\/v2\/media?parent=1233"}],"wp:term":[{"taxonomy":"product_brand","embeddable":true,"href":"https:\/\/art-du-tonneau.fr\/en\/wp-json\/wp\/v2\/product_brand?post=1233"},{"taxonomy":"product_cat","embeddable":true,"href":"https:\/\/art-du-tonneau.fr\/en\/wp-json\/wp\/v2\/product_cat?post=1233"},{"taxonomy":"product_tag","embeddable":true,"href":"https:\/\/art-du-tonneau.fr\/en\/wp-json\/wp\/v2\/product_tag?post=1233"}],"curies":[{"name":"wp","href":"https:\/\/api.w.org\/{rel}","templated":true}]}}