{"id":402,"date":"2022-12-08T14:17:33","date_gmt":"2022-12-08T14:17:33","guid":{"rendered":"https:\/\/art-du-tonneau.fr\/?post_type=product&#038;p=402"},"modified":"2024-12-12T11:19:29","modified_gmt":"2024-12-12T11:19:29","slug":"tonneau-1000-kg","status":"publish","type":"product","link":"https:\/\/art-du-tonneau.fr\/en\/product\/tonneau-1000-kg","title":{"rendered":"Barrel Bar"},"content":{"rendered":"<p>[et_pb_section fb_built=&#8221;1&#8243; _builder_version=&#8221;4.16&#8243; custom_padding=&#8221;0px||||false|false&#8221; global_colors_info=&#8221;{}&#8221;][et_pb_row _builder_version=&#8221;4.16&#8243; background_size=&#8221;initial&#8221; background_position=&#8221;top_left&#8221; background_repeat=&#8221;repeat&#8221; width=&#8221;100%&#8221; custom_padding=&#8221;0px||0px||false|false&#8221; global_colors_info=&#8221;{}&#8221;][et_pb_column type=&#8221;4_4&#8243; _builder_version=&#8221;4.16&#8243; custom_padding=&#8221;|||&#8221; global_colors_info=&#8221;{}&#8221; custom_padding__hover=&#8221;|||&#8221;][et_pb_wc_breadcrumb _builder_version=&#8221;4.16&#8243; global_colors_info=&#8221;{}&#8221;][\/et_pb_wc_breadcrumb][\/et_pb_column][\/et_pb_row][et_pb_row column_structure=&#8221;1_2,1_2&#8243; _builder_version=&#8221;4.16&#8243; background_size=&#8221;initial&#8221; background_position=&#8221;top_left&#8221; background_repeat=&#8221;repeat&#8221; width=&#8221;100%&#8221; custom_padding=&#8221;0px||||false|false&#8221; global_colors_info=&#8221;{}&#8221;][et_pb_column type=&#8221;1_2&#8243; _builder_version=&#8221;4.16&#8243; custom_padding=&#8221;|||&#8221; global_colors_info=&#8221;{}&#8221; custom_padding__hover=&#8221;|||&#8221;][et_pb_wc_images _builder_version=&#8221;4.19.2&#8243; global_colors_info=&#8221;{}&#8221;][\/et_pb_wc_images][\/et_pb_column][et_pb_column type=&#8221;1_2&#8243; _builder_version=&#8221;4.16&#8243; custom_padding=&#8221;|||&#8221; global_colors_info=&#8221;{}&#8221; custom_padding__hover=&#8221;|||&#8221;][et_pb_wc_title _builder_version=&#8221;4.16&#8243; global_colors_info=&#8221;{}&#8221;][\/et_pb_wc_title][et_pb_wc_rating _builder_version=&#8221;4.16&#8243; global_colors_info=&#8221;{}&#8221;][\/et_pb_wc_rating][et_pb_wc_price _builder_version=&#8221;4.16&#8243; global_colors_info=&#8221;{}&#8221;][\/et_pb_wc_price][et_pb_wc_description _builder_version=&#8221;4.16&#8243; global_colors_info=&#8221;{}&#8221;][\/et_pb_wc_description][et_pb_button button_url=&#8221;https:\/\/art-du-tonneau.fr\/contact&#8221; button_text=&#8221;Demander un devis pour la livraison&#8221; _builder_version=&#8221;4.19.2&#8243; _module_preset=&#8221;default&#8221; global_colors_info=&#8221;{}&#8221;][\/et_pb_button][et_pb_wc_meta _builder_version=&#8221;4.16&#8243; global_colors_info=&#8221;{}&#8221;][\/et_pb_wc_meta][\/et_pb_column][\/et_pb_row][et_pb_row _builder_version=&#8221;4.16&#8243; background_size=&#8221;initial&#8221; background_position=&#8221;top_left&#8221; background_repeat=&#8221;repeat&#8221; width=&#8221;100%&#8221; global_colors_info=&#8221;{}&#8221;][et_pb_column type=&#8221;4_4&#8243; _builder_version=&#8221;4.16&#8243; custom_padding=&#8221;|||&#8221; global_colors_info=&#8221;{}&#8221; custom_padding__hover=&#8221;|||&#8221;][et_pb_wc_tabs _builder_version=&#8221;4.19.2&#8243; global_colors_info=&#8221;{}&#8221;]\t\t\t\t\t[\/et_pb_wc_tabs][et_pb_wc_upsells _builder_version=&#8221;4.16&#8243; global_colors_info=&#8221;{}&#8221;][\/et_pb_wc_upsells][et_pb_wc_related_products _builder_version=&#8221;4.16&#8243; global_colors_info=&#8221;{}&#8221;][\/et_pb_wc_related_products][\/et_pb_column][\/et_pb_row][\/et_pb_section][et_pb_section fb_built=&#8221;1&#8243; _builder_version=&#8221;4.19.2&#8243; _module_preset=&#8221;default&#8221; custom_padding=&#8221;0px|||||&#8221; locked=&#8221;off&#8221; global_colors_info=&#8221;{}&#8221;][et_pb_row _builder_version=&#8221;4.19.2&#8243; _module_preset=&#8221;default&#8221; global_colors_info=&#8221;{}&#8221;][et_pb_column type=&#8221;4_4&#8243; _builder_version=&#8221;4.19.2&#8243; _module_preset=&#8221;default&#8221; global_colors_info=&#8221;{}&#8221;][et_pb_text _builder_version=&#8221;4.19.2&#8243; _module_preset=&#8221;default&#8221; text_font=&#8221;|600|||||||&#8221; text_text_color=&#8221;#77322B&#8221; text_font_size=&#8221;36px&#8221; text_orientation=&#8221;center&#8221; global_colors_info=&#8221;{}&#8221;]<\/p>\n<p>Vous allez aussi aimer<\/p>\n<p>[\/et_pb_text][et_pb_shop type=&#8221;product_category&#8221; posts_number=&#8221;4&#8243; include_categories=&#8221;current&#8221; _builder_version=&#8221;4.19.2&#8243; _module_preset=&#8221;default&#8221; title_font_size=&#8221;16px&#8221; price_text_align=&#8221;center&#8221; price_text_color=&#8221;#77322B&#8221; price_font_size=&#8221;16px&#8221; global_colors_info=&#8221;{}&#8221;][\/et_pb_shop][\/et_pb_column][\/et_pb_row][\/et_pb_section]<\/p>\n","protected":false},"excerpt":{"rendered":"<p>Barrel is in varnished oak.<\/p>\n<p>It will create a warm atmosphere in your home. With a capacity of approximately 25-30 bottles, it comes with a fixed shelf for the storage of your glasses and others.<\/p>\n<p>Finish :<\/p>\n<p>Galvanized banding<\/p>\n<p>Exterior varnish 2 front doors with 1 fixed shelf<\/p>\n<p>Oak handles<\/p>\n<p>Size:<\/p>\n<p>Height : 95 cm<\/p>\n<p>Tip diameter : 56 cm<\/p>\n<p>Diameter moves: 70 cm<\/p>\n<p>Weight : 68 kg<\/p>\n<p>Precautions: Too long an exposure to the outside (rain, sun...) can tarnish the varnish of the bar.<\/p>","protected":false},"featured_media":437,"template":"","meta":{"_et_pb_use_builder":"on","_et_pb_old_content":"","_et_gb_content_width":""},"product_brand":[],"product_cat":[83,76],"product_tag":[75],"class_list":{"0":"post-402","1":"product","2":"type-product","3":"status-publish","4":"has-post-thumbnail","6":"product_cat-bar","7":"product_cat-mobilier-dart","8":"product_tag-bar","10":"first","11":"instock","12":"taxable","13":"shipping-taxable","14":"purchasable","15":"product-type-simple"},"yoast_head":"<!-- This site is optimized with the Yoast SEO plugin v27.3 - https:\/\/yoast.com\/product\/yoast-seo-wordpress\/ -->\n<title>Tonneau Bar - ART DU TONNEAU<\/title>\n<meta name=\"robots\" content=\"index, follow, max-snippet:-1, max-image-preview:large, max-video-preview:-1\" \/>\n<link rel=\"canonical\" href=\"https:\/\/art-du-tonneau.fr\/en\/product\/tonneau-1000-kg\/\" \/>\n<meta property=\"og:locale\" content=\"en_GB\" \/>\n<meta property=\"og:type\" content=\"article\" \/>\n<meta property=\"og:title\" content=\"Tonneau Bar - ART DU TONNEAU\" \/>\n<meta property=\"og:description\" content=\"Tonneau bar est en ch\u00eane verni.  Il cr\u00e9era une ambiance chaleureuse dans votre int\u00e9rieur. D\u2019une contenance d\u2019environ 25-30 bouteilles, livr\u00e9 avec une \u00e9tag\u00e8re fixe pour le rangement de vos verres et autres.  Finition :  Cerclage galvanis\u00e9  Verni ext\u00e9rieur 2 portes frontales avec 1 \u00e9tag\u00e8re fixe  Poign\u00e9es en ch\u00eane  Dimensions :  Hauteur : 95 cm  Diam\u00e8tre bout : 56 cm  Diam\u00e8tre bouge : 70 cm  Poids : 68kg  Pr\u00e9cautions : Une exposition trop longue \u00e0 l\u2019ext\u00e9rieur (pluie, soleil\u2026) peut ternir le vernis du bar.\" \/>\n<meta property=\"og:url\" content=\"https:\/\/art-du-tonneau.fr\/en\/product\/tonneau-1000-kg\/\" \/>\n<meta property=\"og:site_name\" content=\"ART DU TONNEAU\" \/>\n<meta property=\"article:publisher\" content=\"https:\/\/www.facebook.com\/login\/?next=httpswww.facebook.comart.dutonneau\" \/>\n<meta property=\"article:modified_time\" content=\"2024-12-12T11:19:29+00:00\" \/>\n<meta property=\"og:image\" content=\"https:\/\/art-du-tonneau.fr\/wp-content\/uploads\/2022\/12\/Tonneau-Bar.png\" \/>\n\t<meta property=\"og:image:width\" content=\"208\" \/>\n\t<meta property=\"og:image:height\" content=\"308\" \/>\n\t<meta property=\"og:image:type\" content=\"image\/png\" \/>\n<meta name=\"twitter:card\" content=\"summary_large_image\" \/>\n<meta name=\"twitter:label1\" content=\"Estimated reading time\" \/>\n\t<meta name=\"twitter:data1\" content=\"2 minutes\" \/>\n<script type=\"application\/ld+json\" class=\"yoast-schema-graph\">{\"@context\":\"https:\\\/\\\/schema.org\",\"@graph\":[{\"@type\":\"WebPage\",\"@id\":\"https:\\\/\\\/art-du-tonneau.fr\\\/produit\\\/tonneau-1000-kg\",\"url\":\"https:\\\/\\\/art-du-tonneau.fr\\\/produit\\\/tonneau-1000-kg\",\"name\":\"Tonneau Bar - ART DU TONNEAU\",\"isPartOf\":{\"@id\":\"https:\\\/\\\/art-du-tonneau.fr\\\/#website\"},\"primaryImageOfPage\":{\"@id\":\"https:\\\/\\\/art-du-tonneau.fr\\\/produit\\\/tonneau-1000-kg#primaryimage\"},\"image\":{\"@id\":\"https:\\\/\\\/art-du-tonneau.fr\\\/produit\\\/tonneau-1000-kg#primaryimage\"},\"thumbnailUrl\":\"https:\\\/\\\/art-du-tonneau.fr\\\/wp-content\\\/uploads\\\/2022\\\/12\\\/Tonneau-Bar.png\",\"datePublished\":\"2022-12-08T14:17:33+00:00\",\"dateModified\":\"2024-12-12T11:19:29+00:00\",\"breadcrumb\":{\"@id\":\"https:\\\/\\\/art-du-tonneau.fr\\\/produit\\\/tonneau-1000-kg#breadcrumb\"},\"inLanguage\":\"en-GB\",\"potentialAction\":[{\"@type\":\"ReadAction\",\"target\":[\"https:\\\/\\\/art-du-tonneau.fr\\\/produit\\\/tonneau-1000-kg\"]}]},{\"@type\":\"ImageObject\",\"inLanguage\":\"en-GB\",\"@id\":\"https:\\\/\\\/art-du-tonneau.fr\\\/produit\\\/tonneau-1000-kg#primaryimage\",\"url\":\"https:\\\/\\\/art-du-tonneau.fr\\\/wp-content\\\/uploads\\\/2022\\\/12\\\/Tonneau-Bar.png\",\"contentUrl\":\"https:\\\/\\\/art-du-tonneau.fr\\\/wp-content\\\/uploads\\\/2022\\\/12\\\/Tonneau-Bar.png\",\"width\":208,\"height\":308,\"caption\":\"Tonneau Bar - Fabriqu\u00e9 comme un tonneau traditionnel - Tonneau bar avec deux portes - Rangement int\u00e9rieur pour bouteilles\"},{\"@type\":\"BreadcrumbList\",\"@id\":\"https:\\\/\\\/art-du-tonneau.fr\\\/produit\\\/tonneau-1000-kg#breadcrumb\",\"itemListElement\":[{\"@type\":\"ListItem\",\"position\":1,\"name\":\"Accueil\",\"item\":\"https:\\\/\\\/art-du-tonneau.fr\\\/\"},{\"@type\":\"ListItem\",\"position\":2,\"name\":\"Boutique\",\"item\":\"https:\\\/\\\/art-du-tonneau.fr\\\/en\\\/boutique\"},{\"@type\":\"ListItem\",\"position\":3,\"name\":\"Tonneau Bar\"}]},{\"@type\":\"WebSite\",\"@id\":\"https:\\\/\\\/art-du-tonneau.fr\\\/#website\",\"url\":\"https:\\\/\\\/art-du-tonneau.fr\\\/\",\"name\":\"ART DU TONNEAU\",\"description\":\"D\u00e9couvrez la tonnellerie autrement avec un concept unique en France. Une expertise autour du tonneau . La vente de produits originaux sur le th\u00e8me de la tonnellerie.\",\"publisher\":{\"@id\":\"https:\\\/\\\/art-du-tonneau.fr\\\/#organization\"},\"potentialAction\":[{\"@type\":\"SearchAction\",\"target\":{\"@type\":\"EntryPoint\",\"urlTemplate\":\"https:\\\/\\\/art-du-tonneau.fr\\\/?s={search_term_string}\"},\"query-input\":{\"@type\":\"PropertyValueSpecification\",\"valueRequired\":true,\"valueName\":\"search_term_string\"}}],\"inLanguage\":\"en-GB\"},{\"@type\":\"Organization\",\"@id\":\"https:\\\/\\\/art-du-tonneau.fr\\\/#organization\",\"name\":\"ART DU TONNEAU\",\"url\":\"https:\\\/\\\/art-du-tonneau.fr\\\/\",\"logo\":{\"@type\":\"ImageObject\",\"inLanguage\":\"en-GB\",\"@id\":\"https:\\\/\\\/art-du-tonneau.fr\\\/#\\\/schema\\\/logo\\\/image\\\/\",\"url\":\"https:\\\/\\\/art-du-tonneau.fr\\\/wp-content\\\/uploads\\\/2022\\\/11\\\/Logo-ADT1.jpg\",\"contentUrl\":\"https:\\\/\\\/art-du-tonneau.fr\\\/wp-content\\\/uploads\\\/2022\\\/11\\\/Logo-ADT1.jpg\",\"width\":500,\"height\":199,\"caption\":\"ART DU TONNEAU\"},\"image\":{\"@id\":\"https:\\\/\\\/art-du-tonneau.fr\\\/#\\\/schema\\\/logo\\\/image\\\/\"},\"sameAs\":[\"https:\\\/\\\/www.facebook.com\\\/login\\\/?next=httpswww.facebook.comart.dutonneau\",\"https:\\\/\\\/www.linkedin.com\\\/in\\\/gillet-frdric-42ba4abb\",\"https:\\\/\\\/www.instagram.com\\\/art_du_tonneau\\\/\"]}]}<\/script>\n<!-- \/ Yoast SEO plugin. -->","yoast_head_json":{"title":"Tonneau Bar - ART DU TONNEAU","robots":{"index":"index","follow":"follow","max-snippet":"max-snippet:-1","max-image-preview":"max-image-preview:large","max-video-preview":"max-video-preview:-1"},"canonical":"https:\/\/art-du-tonneau.fr\/en\/product\/tonneau-1000-kg\/","og_locale":"en_GB","og_type":"article","og_title":"Tonneau Bar - ART DU TONNEAU","og_description":"Tonneau bar est en ch\u00eane verni.  Il cr\u00e9era une ambiance chaleureuse dans votre int\u00e9rieur. D\u2019une contenance d\u2019environ 25-30 bouteilles, livr\u00e9 avec une \u00e9tag\u00e8re fixe pour le rangement de vos verres et autres.  Finition :  Cerclage galvanis\u00e9  Verni ext\u00e9rieur 2 portes frontales avec 1 \u00e9tag\u00e8re fixe  Poign\u00e9es en ch\u00eane  Dimensions :  Hauteur : 95 cm  Diam\u00e8tre bout : 56 cm  Diam\u00e8tre bouge : 70 cm  Poids : 68kg  Pr\u00e9cautions : Une exposition trop longue \u00e0 l\u2019ext\u00e9rieur (pluie, soleil\u2026) peut ternir le vernis du bar.","og_url":"https:\/\/art-du-tonneau.fr\/en\/product\/tonneau-1000-kg\/","og_site_name":"ART DU TONNEAU","article_publisher":"https:\/\/www.facebook.com\/login\/?next=httpswww.facebook.comart.dutonneau","article_modified_time":"2024-12-12T11:19:29+00:00","og_image":[{"width":208,"height":308,"url":"https:\/\/art-du-tonneau.fr\/wp-content\/uploads\/2022\/12\/Tonneau-Bar.png","type":"image\/png"}],"twitter_card":"summary_large_image","twitter_misc":{"Estimated reading time":"2 minutes"},"schema":{"@context":"https:\/\/schema.org","@graph":[{"@type":"WebPage","@id":"https:\/\/art-du-tonneau.fr\/produit\/tonneau-1000-kg","url":"https:\/\/art-du-tonneau.fr\/produit\/tonneau-1000-kg","name":"Tonneau Bar - ART DU TONNEAU","isPartOf":{"@id":"https:\/\/art-du-tonneau.fr\/#website"},"primaryImageOfPage":{"@id":"https:\/\/art-du-tonneau.fr\/produit\/tonneau-1000-kg#primaryimage"},"image":{"@id":"https:\/\/art-du-tonneau.fr\/produit\/tonneau-1000-kg#primaryimage"},"thumbnailUrl":"https:\/\/art-du-tonneau.fr\/wp-content\/uploads\/2022\/12\/Tonneau-Bar.png","datePublished":"2022-12-08T14:17:33+00:00","dateModified":"2024-12-12T11:19:29+00:00","breadcrumb":{"@id":"https:\/\/art-du-tonneau.fr\/produit\/tonneau-1000-kg#breadcrumb"},"inLanguage":"en-GB","potentialAction":[{"@type":"ReadAction","target":["https:\/\/art-du-tonneau.fr\/produit\/tonneau-1000-kg"]}]},{"@type":"ImageObject","inLanguage":"en-GB","@id":"https:\/\/art-du-tonneau.fr\/produit\/tonneau-1000-kg#primaryimage","url":"https:\/\/art-du-tonneau.fr\/wp-content\/uploads\/2022\/12\/Tonneau-Bar.png","contentUrl":"https:\/\/art-du-tonneau.fr\/wp-content\/uploads\/2022\/12\/Tonneau-Bar.png","width":208,"height":308,"caption":"Tonneau Bar - Fabriqu\u00e9 comme un tonneau traditionnel - Tonneau bar avec deux portes - Rangement int\u00e9rieur pour bouteilles"},{"@type":"BreadcrumbList","@id":"https:\/\/art-du-tonneau.fr\/produit\/tonneau-1000-kg#breadcrumb","itemListElement":[{"@type":"ListItem","position":1,"name":"Accueil","item":"https:\/\/art-du-tonneau.fr\/"},{"@type":"ListItem","position":2,"name":"Boutique","item":"https:\/\/art-du-tonneau.fr\/en\/boutique"},{"@type":"ListItem","position":3,"name":"Tonneau Bar"}]},{"@type":"WebSite","@id":"https:\/\/art-du-tonneau.fr\/#website","url":"https:\/\/art-du-tonneau.fr\/","name":"ART DU TONNEAU","description":"D\u00e9couvrez la tonnellerie autrement avec un concept unique en France. Une expertise autour du tonneau . La vente de produits originaux sur le th\u00e8me de la tonnellerie.","publisher":{"@id":"https:\/\/art-du-tonneau.fr\/#organization"},"potentialAction":[{"@type":"SearchAction","target":{"@type":"EntryPoint","urlTemplate":"https:\/\/art-du-tonneau.fr\/?s={search_term_string}"},"query-input":{"@type":"PropertyValueSpecification","valueRequired":true,"valueName":"search_term_string"}}],"inLanguage":"en-GB"},{"@type":"Organization","@id":"https:\/\/art-du-tonneau.fr\/#organization","name":"ART DU TONNEAU","url":"https:\/\/art-du-tonneau.fr\/","logo":{"@type":"ImageObject","inLanguage":"en-GB","@id":"https:\/\/art-du-tonneau.fr\/#\/schema\/logo\/image\/","url":"https:\/\/art-du-tonneau.fr\/wp-content\/uploads\/2022\/11\/Logo-ADT1.jpg","contentUrl":"https:\/\/art-du-tonneau.fr\/wp-content\/uploads\/2022\/11\/Logo-ADT1.jpg","width":500,"height":199,"caption":"ART DU TONNEAU"},"image":{"@id":"https:\/\/art-du-tonneau.fr\/#\/schema\/logo\/image\/"},"sameAs":["https:\/\/www.facebook.com\/login\/?next=httpswww.facebook.comart.dutonneau","https:\/\/www.linkedin.com\/in\/gillet-frdric-42ba4abb","https:\/\/www.instagram.com\/art_du_tonneau\/"]}]}},"_links":{"self":[{"href":"https:\/\/art-du-tonneau.fr\/en\/wp-json\/wp\/v2\/product\/402","targetHints":{"allow":["GET"]}}],"collection":[{"href":"https:\/\/art-du-tonneau.fr\/en\/wp-json\/wp\/v2\/product"}],"about":[{"href":"https:\/\/art-du-tonneau.fr\/en\/wp-json\/wp\/v2\/types\/product"}],"wp:featuredmedia":[{"embeddable":true,"href":"https:\/\/art-du-tonneau.fr\/en\/wp-json\/wp\/v2\/media\/437"}],"wp:attachment":[{"href":"https:\/\/art-du-tonneau.fr\/en\/wp-json\/wp\/v2\/media?parent=402"}],"wp:term":[{"taxonomy":"product_brand","embeddable":true,"href":"https:\/\/art-du-tonneau.fr\/en\/wp-json\/wp\/v2\/product_brand?post=402"},{"taxonomy":"product_cat","embeddable":true,"href":"https:\/\/art-du-tonneau.fr\/en\/wp-json\/wp\/v2\/product_cat?post=402"},{"taxonomy":"product_tag","embeddable":true,"href":"https:\/\/art-du-tonneau.fr\/en\/wp-json\/wp\/v2\/product_tag?post=402"}],"curies":[{"name":"wp","href":"https:\/\/api.w.org\/{rel}","templated":true}]}}