{"id":457,"date":"2022-12-09T11:45:15","date_gmt":"2022-12-09T11:45:15","guid":{"rendered":"https:\/\/art-du-tonneau.fr\/?post_type=product&#038;p=457"},"modified":"2025-10-21T09:47:56","modified_gmt":"2025-10-21T09:47:56","slug":"bouchon-verseur-anti-goutte-a-vin","status":"publish","type":"product","link":"https:\/\/art-du-tonneau.fr\/en\/product\/bouchon-verseur-anti-goutte-a-vin","title":{"rendered":"Bouchon &#038; verseur anti-goutte \u00e0 vin"},"content":{"rendered":"<p>[et_pb_section fb_built=&#8221;1&#8243; _builder_version=&#8221;4.16&#8243; custom_padding=&#8221;0px||||false|false&#8221; global_colors_info=&#8221;{}&#8221;][et_pb_row _builder_version=&#8221;4.16&#8243; background_size=&#8221;initial&#8221; background_position=&#8221;top_left&#8221; background_repeat=&#8221;repeat&#8221; width=&#8221;100%&#8221; custom_padding=&#8221;0px||0px||false|false&#8221; global_colors_info=&#8221;{}&#8221;][et_pb_column type=&#8221;4_4&#8243; _builder_version=&#8221;4.16&#8243; custom_padding=&#8221;|||&#8221; global_colors_info=&#8221;{}&#8221; custom_padding__hover=&#8221;|||&#8221;][et_pb_wc_breadcrumb _builder_version=&#8221;4.16&#8243; global_colors_info=&#8221;{}&#8221;][\/et_pb_wc_breadcrumb][et_pb_wc_cart_notice _builder_version=&#8221;4.16&#8243; global_colors_info=&#8221;{}&#8221;][\/et_pb_wc_cart_notice][\/et_pb_column][\/et_pb_row][et_pb_row column_structure=&#8221;1_2,1_2&#8243; _builder_version=&#8221;4.16&#8243; background_size=&#8221;initial&#8221; background_position=&#8221;top_left&#8221; background_repeat=&#8221;repeat&#8221; width=&#8221;100%&#8221; custom_padding=&#8221;0px||||false|false&#8221; global_colors_info=&#8221;{}&#8221;][et_pb_column type=&#8221;1_2&#8243; _builder_version=&#8221;4.16&#8243; custom_padding=&#8221;|||&#8221; global_colors_info=&#8221;{}&#8221; custom_padding__hover=&#8221;|||&#8221;][et_pb_wc_images _builder_version=&#8221;4.16&#8243; global_colors_info=&#8221;{}&#8221;][\/et_pb_wc_images][\/et_pb_column][et_pb_column type=&#8221;1_2&#8243; _builder_version=&#8221;4.16&#8243; custom_padding=&#8221;|||&#8221; global_colors_info=&#8221;{}&#8221; custom_padding__hover=&#8221;|||&#8221;][et_pb_wc_title _builder_version=&#8221;4.16&#8243; global_colors_info=&#8221;{}&#8221;][\/et_pb_wc_title][et_pb_wc_rating _builder_version=&#8221;4.16&#8243; global_colors_info=&#8221;{}&#8221;][\/et_pb_wc_rating][et_pb_wc_price _builder_version=&#8221;4.16&#8243; global_colors_info=&#8221;{}&#8221;][\/et_pb_wc_price][et_pb_wc_description _builder_version=&#8221;4.16&#8243; global_colors_info=&#8221;{}&#8221;][\/et_pb_wc_description][et_pb_wc_add_to_cart _builder_version=&#8221;4.19.2&#8243; custom_button=&#8221;on&#8221; button_text_color=&#8221;#F2EAE3&#8243; button_bg_color=&#8221;#77322B&#8221; button_border_width=&#8221;5px&#8221; button_border_color=&#8221;#77322B&#8221; global_colors_info=&#8221;{}&#8221; button_bg_color__hover_enabled=&#8221;on|desktop&#8221; button_bg_color__hover=&#8221;#77322B&#8221;][\/et_pb_wc_add_to_cart][et_pb_wc_meta _builder_version=&#8221;4.16&#8243; global_colors_info=&#8221;{}&#8221;][\/et_pb_wc_meta][\/et_pb_column][\/et_pb_row][et_pb_row _builder_version=&#8221;4.16&#8243; background_size=&#8221;initial&#8221; background_position=&#8221;top_left&#8221; background_repeat=&#8221;repeat&#8221; width=&#8221;100%&#8221; global_colors_info=&#8221;{}&#8221;][et_pb_column type=&#8221;4_4&#8243; _builder_version=&#8221;4.16&#8243; custom_padding=&#8221;|||&#8221; global_colors_info=&#8221;{}&#8221; custom_padding__hover=&#8221;|||&#8221;][et_pb_wc_tabs _builder_version=&#8221;4.16&#8243; global_colors_info=&#8221;{}&#8221;]\t\t\t\t\t[\/et_pb_wc_tabs][et_pb_wc_upsells _builder_version=&#8221;4.16&#8243; global_colors_info=&#8221;{}&#8221;][\/et_pb_wc_upsells][et_pb_wc_related_products _builder_version=&#8221;4.16&#8243; global_colors_info=&#8221;{}&#8221;][\/et_pb_wc_related_products][\/et_pb_column][\/et_pb_row][\/et_pb_section][et_pb_section fb_built=&#8221;1&#8243; _builder_version=&#8221;4.19.2&#8243; _module_preset=&#8221;default&#8221; custom_padding=&#8221;0px|||||&#8221; global_colors_info=&#8221;{}&#8221;][et_pb_row _builder_version=&#8221;4.19.2&#8243; _module_preset=&#8221;default&#8221; global_colors_info=&#8221;{}&#8221;][et_pb_column type=&#8221;4_4&#8243; _builder_version=&#8221;4.19.2&#8243; _module_preset=&#8221;default&#8221; global_colors_info=&#8221;{}&#8221;][et_pb_text _builder_version=&#8221;4.19.2&#8243; _module_preset=&#8221;default&#8221; text_font=&#8221;|600|||||||&#8221; text_text_color=&#8221;#77322B&#8221; text_font_size=&#8221;36px&#8221; text_orientation=&#8221;center&#8221; global_colors_info=&#8221;{}&#8221;]<\/p>\n<p>Vous allez aussi aimer<\/p>\n<p>[\/et_pb_text][et_pb_shop type=&#8221;product_category&#8221; posts_number=&#8221;4&#8243; include_categories=&#8221;current&#8221; _builder_version=&#8221;4.19.2&#8243; _module_preset=&#8221;default&#8221; title_font_size=&#8221;16px&#8221; price_text_align=&#8221;center&#8221; price_text_color=&#8221;#77322B&#8221; price_font_size=&#8221;16px&#8221; global_colors_info=&#8221;{}&#8221;][\/et_pb_shop][\/et_pb_column][\/et_pb_row][\/et_pb_section]<\/p>\n","protected":false},"excerpt":{"rendered":"<p><strong>Bouchon et verseur anti-goutte \u00e0 vin<\/strong><\/p>\n<p>Servez votre vin sans en mettre partout.<\/p>\n<p>La surface de coul\u00e9e est faite pour emp\u00eacher l\u2019\u00e9gouttage.<\/p>\n<p>Tirez la longue tige vers le haut pour ouvrir le verseur. Le joint en caoutchouc permet au bouchon de s\u2019int\u00e9grer \u00e0 la plupart des bouteilles.<\/p>\n<p>Une l\u00e9g\u00e8re pression sur le bouton et votre bouteille est scell\u00e9e herm\u00e9tiquement. Ce bouchon peut \u00eatre utilis\u00e9 avec une pompe \u00e0 vide pour ralentir le processus d\u2019oxydation et vous permettre de conserver votre vin plus longtemps.<\/p>","protected":false},"featured_media":465,"template":"","meta":{"_et_pb_use_builder":"on","_et_pb_old_content":"","_et_gb_content_width":""},"product_brand":[],"product_cat":[52,49],"product_tag":[73],"class_list":{"0":"post-457","1":"product","2":"type-product","3":"status-publish","4":"has-post-thumbnail","6":"product_cat-accessoires","7":"product_cat-pour-le-vin","8":"product_tag-vin","10":"first","11":"outofstock","12":"taxable","13":"shipping-taxable","14":"purchasable","15":"product-type-simple"},"yoast_head":"<!-- This site is optimized with the Yoast SEO plugin v27.3 - https:\/\/yoast.com\/product\/yoast-seo-wordpress\/ -->\n<title>Bouchon &amp; verseur anti-goutte \u00e0 vin - ART DU TONNEAU<\/title>\n<meta name=\"description\" content=\"Servez votre vin sans en mettre partout. La surface de coul\u00e9e est faite vous permettre de conserver votre vin plus longtemps.\" \/>\n<meta name=\"robots\" content=\"index, follow, max-snippet:-1, max-image-preview:large, max-video-preview:-1\" \/>\n<link rel=\"canonical\" href=\"https:\/\/art-du-tonneau.fr\/en\/product\/bouchon-verseur-anti-goutte-a-vin\/\" \/>\n<meta property=\"og:locale\" content=\"en_GB\" \/>\n<meta property=\"og:type\" content=\"article\" \/>\n<meta property=\"og:title\" content=\"Bouchon &amp; verseur anti-goutte \u00e0 vin - ART DU TONNEAU\" \/>\n<meta property=\"og:description\" content=\"Servez votre vin sans en mettre partout. La surface de coul\u00e9e est faite vous permettre de conserver votre vin plus longtemps.\" \/>\n<meta property=\"og:url\" content=\"https:\/\/art-du-tonneau.fr\/en\/product\/bouchon-verseur-anti-goutte-a-vin\/\" \/>\n<meta property=\"og:site_name\" content=\"ART DU TONNEAU\" \/>\n<meta property=\"article:publisher\" content=\"https:\/\/www.facebook.com\/login\/?next=httpswww.facebook.comart.dutonneau\" \/>\n<meta property=\"article:modified_time\" content=\"2025-10-21T09:47:56+00:00\" \/>\n<meta property=\"og:image\" content=\"https:\/\/art-du-tonneau.fr\/wp-content\/uploads\/2022\/12\/Bouchon-Vin-1.jpg\" \/>\n\t<meta property=\"og:image:width\" content=\"1537\" \/>\n\t<meta property=\"og:image:height\" content=\"1782\" \/>\n\t<meta property=\"og:image:type\" content=\"image\/jpeg\" \/>\n<meta name=\"twitter:card\" content=\"summary_large_image\" \/>\n<meta name=\"twitter:label1\" content=\"Estimated reading time\" \/>\n\t<meta name=\"twitter:data1\" content=\"1 minute\" \/>\n<script type=\"application\/ld+json\" class=\"yoast-schema-graph\">{\"@context\":\"https:\\\/\\\/schema.org\",\"@graph\":[{\"@type\":\"WebPage\",\"@id\":\"https:\\\/\\\/art-du-tonneau.fr\\\/produit\\\/bouchon-verseur-anti-goutte-a-vin\",\"url\":\"https:\\\/\\\/art-du-tonneau.fr\\\/produit\\\/bouchon-verseur-anti-goutte-a-vin\",\"name\":\"Bouchon & verseur anti-goutte \u00e0 vin - ART DU TONNEAU\",\"isPartOf\":{\"@id\":\"https:\\\/\\\/art-du-tonneau.fr\\\/#website\"},\"primaryImageOfPage\":{\"@id\":\"https:\\\/\\\/art-du-tonneau.fr\\\/produit\\\/bouchon-verseur-anti-goutte-a-vin#primaryimage\"},\"image\":{\"@id\":\"https:\\\/\\\/art-du-tonneau.fr\\\/produit\\\/bouchon-verseur-anti-goutte-a-vin#primaryimage\"},\"thumbnailUrl\":\"https:\\\/\\\/art-du-tonneau.fr\\\/wp-content\\\/uploads\\\/2022\\\/12\\\/Bouchon-Vin-1.jpg\",\"datePublished\":\"2022-12-09T11:45:15+00:00\",\"dateModified\":\"2025-10-21T09:47:56+00:00\",\"description\":\"Servez votre vin sans en mettre partout. La surface de coul\u00e9e est faite vous permettre de conserver votre vin plus longtemps.\",\"breadcrumb\":{\"@id\":\"https:\\\/\\\/art-du-tonneau.fr\\\/produit\\\/bouchon-verseur-anti-goutte-a-vin#breadcrumb\"},\"inLanguage\":\"en-GB\",\"potentialAction\":[{\"@type\":\"ReadAction\",\"target\":[\"https:\\\/\\\/art-du-tonneau.fr\\\/produit\\\/bouchon-verseur-anti-goutte-a-vin\"]}]},{\"@type\":\"ImageObject\",\"inLanguage\":\"en-GB\",\"@id\":\"https:\\\/\\\/art-du-tonneau.fr\\\/produit\\\/bouchon-verseur-anti-goutte-a-vin#primaryimage\",\"url\":\"https:\\\/\\\/art-du-tonneau.fr\\\/wp-content\\\/uploads\\\/2022\\\/12\\\/Bouchon-Vin-1.jpg\",\"contentUrl\":\"https:\\\/\\\/art-du-tonneau.fr\\\/wp-content\\\/uploads\\\/2022\\\/12\\\/Bouchon-Vin-1.jpg\",\"width\":1537,\"height\":1782,\"caption\":\"Wine Server & Stopper - Vacu Vin - Bouchon de vin pour conserver et servir\"},{\"@type\":\"BreadcrumbList\",\"@id\":\"https:\\\/\\\/art-du-tonneau.fr\\\/produit\\\/bouchon-verseur-anti-goutte-a-vin#breadcrumb\",\"itemListElement\":[{\"@type\":\"ListItem\",\"position\":1,\"name\":\"Accueil\",\"item\":\"https:\\\/\\\/art-du-tonneau.fr\\\/\"},{\"@type\":\"ListItem\",\"position\":2,\"name\":\"Boutique\",\"item\":\"https:\\\/\\\/art-du-tonneau.fr\\\/en\\\/boutique\"},{\"@type\":\"ListItem\",\"position\":3,\"name\":\"Bouchon &#038; verseur anti-goutte \u00e0 vin\"}]},{\"@type\":\"WebSite\",\"@id\":\"https:\\\/\\\/art-du-tonneau.fr\\\/#website\",\"url\":\"https:\\\/\\\/art-du-tonneau.fr\\\/\",\"name\":\"ART DU TONNEAU\",\"description\":\"D\u00e9couvrez la tonnellerie autrement avec un concept unique en France. Une expertise autour du tonneau . La vente de produits originaux sur le th\u00e8me de la tonnellerie.\",\"publisher\":{\"@id\":\"https:\\\/\\\/art-du-tonneau.fr\\\/#organization\"},\"potentialAction\":[{\"@type\":\"SearchAction\",\"target\":{\"@type\":\"EntryPoint\",\"urlTemplate\":\"https:\\\/\\\/art-du-tonneau.fr\\\/?s={search_term_string}\"},\"query-input\":{\"@type\":\"PropertyValueSpecification\",\"valueRequired\":true,\"valueName\":\"search_term_string\"}}],\"inLanguage\":\"en-GB\"},{\"@type\":\"Organization\",\"@id\":\"https:\\\/\\\/art-du-tonneau.fr\\\/#organization\",\"name\":\"ART DU TONNEAU\",\"url\":\"https:\\\/\\\/art-du-tonneau.fr\\\/\",\"logo\":{\"@type\":\"ImageObject\",\"inLanguage\":\"en-GB\",\"@id\":\"https:\\\/\\\/art-du-tonneau.fr\\\/#\\\/schema\\\/logo\\\/image\\\/\",\"url\":\"https:\\\/\\\/art-du-tonneau.fr\\\/wp-content\\\/uploads\\\/2022\\\/11\\\/Logo-ADT1.jpg\",\"contentUrl\":\"https:\\\/\\\/art-du-tonneau.fr\\\/wp-content\\\/uploads\\\/2022\\\/11\\\/Logo-ADT1.jpg\",\"width\":500,\"height\":199,\"caption\":\"ART DU TONNEAU\"},\"image\":{\"@id\":\"https:\\\/\\\/art-du-tonneau.fr\\\/#\\\/schema\\\/logo\\\/image\\\/\"},\"sameAs\":[\"https:\\\/\\\/www.facebook.com\\\/login\\\/?next=httpswww.facebook.comart.dutonneau\",\"https:\\\/\\\/www.linkedin.com\\\/in\\\/gillet-frdric-42ba4abb\",\"https:\\\/\\\/www.instagram.com\\\/art_du_tonneau\\\/\"]}]}<\/script>\n<!-- \/ Yoast SEO plugin. -->","yoast_head_json":{"title":"Bouchon & verseur anti-goutte \u00e0 vin - ART DU TONNEAU","description":"Servez votre vin sans en mettre partout. La surface de coul\u00e9e est faite vous permettre de conserver votre vin plus longtemps.","robots":{"index":"index","follow":"follow","max-snippet":"max-snippet:-1","max-image-preview":"max-image-preview:large","max-video-preview":"max-video-preview:-1"},"canonical":"https:\/\/art-du-tonneau.fr\/en\/product\/bouchon-verseur-anti-goutte-a-vin\/","og_locale":"en_GB","og_type":"article","og_title":"Bouchon & verseur anti-goutte \u00e0 vin - ART DU TONNEAU","og_description":"Servez votre vin sans en mettre partout. La surface de coul\u00e9e est faite vous permettre de conserver votre vin plus longtemps.","og_url":"https:\/\/art-du-tonneau.fr\/en\/product\/bouchon-verseur-anti-goutte-a-vin\/","og_site_name":"ART DU TONNEAU","article_publisher":"https:\/\/www.facebook.com\/login\/?next=httpswww.facebook.comart.dutonneau","article_modified_time":"2025-10-21T09:47:56+00:00","og_image":[{"width":1537,"height":1782,"url":"https:\/\/art-du-tonneau.fr\/wp-content\/uploads\/2022\/12\/Bouchon-Vin-1.jpg","type":"image\/jpeg"}],"twitter_card":"summary_large_image","twitter_misc":{"Estimated reading time":"1 minute"},"schema":{"@context":"https:\/\/schema.org","@graph":[{"@type":"WebPage","@id":"https:\/\/art-du-tonneau.fr\/produit\/bouchon-verseur-anti-goutte-a-vin","url":"https:\/\/art-du-tonneau.fr\/produit\/bouchon-verseur-anti-goutte-a-vin","name":"Bouchon & verseur anti-goutte \u00e0 vin - ART DU TONNEAU","isPartOf":{"@id":"https:\/\/art-du-tonneau.fr\/#website"},"primaryImageOfPage":{"@id":"https:\/\/art-du-tonneau.fr\/produit\/bouchon-verseur-anti-goutte-a-vin#primaryimage"},"image":{"@id":"https:\/\/art-du-tonneau.fr\/produit\/bouchon-verseur-anti-goutte-a-vin#primaryimage"},"thumbnailUrl":"https:\/\/art-du-tonneau.fr\/wp-content\/uploads\/2022\/12\/Bouchon-Vin-1.jpg","datePublished":"2022-12-09T11:45:15+00:00","dateModified":"2025-10-21T09:47:56+00:00","description":"Servez votre vin sans en mettre partout. La surface de coul\u00e9e est faite vous permettre de conserver votre vin plus longtemps.","breadcrumb":{"@id":"https:\/\/art-du-tonneau.fr\/produit\/bouchon-verseur-anti-goutte-a-vin#breadcrumb"},"inLanguage":"en-GB","potentialAction":[{"@type":"ReadAction","target":["https:\/\/art-du-tonneau.fr\/produit\/bouchon-verseur-anti-goutte-a-vin"]}]},{"@type":"ImageObject","inLanguage":"en-GB","@id":"https:\/\/art-du-tonneau.fr\/produit\/bouchon-verseur-anti-goutte-a-vin#primaryimage","url":"https:\/\/art-du-tonneau.fr\/wp-content\/uploads\/2022\/12\/Bouchon-Vin-1.jpg","contentUrl":"https:\/\/art-du-tonneau.fr\/wp-content\/uploads\/2022\/12\/Bouchon-Vin-1.jpg","width":1537,"height":1782,"caption":"Wine Server & Stopper - Vacu Vin - Bouchon de vin pour conserver et servir"},{"@type":"BreadcrumbList","@id":"https:\/\/art-du-tonneau.fr\/produit\/bouchon-verseur-anti-goutte-a-vin#breadcrumb","itemListElement":[{"@type":"ListItem","position":1,"name":"Accueil","item":"https:\/\/art-du-tonneau.fr\/"},{"@type":"ListItem","position":2,"name":"Boutique","item":"https:\/\/art-du-tonneau.fr\/en\/boutique"},{"@type":"ListItem","position":3,"name":"Bouchon &#038; verseur anti-goutte \u00e0 vin"}]},{"@type":"WebSite","@id":"https:\/\/art-du-tonneau.fr\/#website","url":"https:\/\/art-du-tonneau.fr\/","name":"ART DU TONNEAU","description":"D\u00e9couvrez la tonnellerie autrement avec un concept unique en France. Une expertise autour du tonneau . La vente de produits originaux sur le th\u00e8me de la tonnellerie.","publisher":{"@id":"https:\/\/art-du-tonneau.fr\/#organization"},"potentialAction":[{"@type":"SearchAction","target":{"@type":"EntryPoint","urlTemplate":"https:\/\/art-du-tonneau.fr\/?s={search_term_string}"},"query-input":{"@type":"PropertyValueSpecification","valueRequired":true,"valueName":"search_term_string"}}],"inLanguage":"en-GB"},{"@type":"Organization","@id":"https:\/\/art-du-tonneau.fr\/#organization","name":"ART DU TONNEAU","url":"https:\/\/art-du-tonneau.fr\/","logo":{"@type":"ImageObject","inLanguage":"en-GB","@id":"https:\/\/art-du-tonneau.fr\/#\/schema\/logo\/image\/","url":"https:\/\/art-du-tonneau.fr\/wp-content\/uploads\/2022\/11\/Logo-ADT1.jpg","contentUrl":"https:\/\/art-du-tonneau.fr\/wp-content\/uploads\/2022\/11\/Logo-ADT1.jpg","width":500,"height":199,"caption":"ART DU TONNEAU"},"image":{"@id":"https:\/\/art-du-tonneau.fr\/#\/schema\/logo\/image\/"},"sameAs":["https:\/\/www.facebook.com\/login\/?next=httpswww.facebook.comart.dutonneau","https:\/\/www.linkedin.com\/in\/gillet-frdric-42ba4abb","https:\/\/www.instagram.com\/art_du_tonneau\/"]}]}},"_links":{"self":[{"href":"https:\/\/art-du-tonneau.fr\/en\/wp-json\/wp\/v2\/product\/457","targetHints":{"allow":["GET"]}}],"collection":[{"href":"https:\/\/art-du-tonneau.fr\/en\/wp-json\/wp\/v2\/product"}],"about":[{"href":"https:\/\/art-du-tonneau.fr\/en\/wp-json\/wp\/v2\/types\/product"}],"wp:featuredmedia":[{"embeddable":true,"href":"https:\/\/art-du-tonneau.fr\/en\/wp-json\/wp\/v2\/media\/465"}],"wp:attachment":[{"href":"https:\/\/art-du-tonneau.fr\/en\/wp-json\/wp\/v2\/media?parent=457"}],"wp:term":[{"taxonomy":"product_brand","embeddable":true,"href":"https:\/\/art-du-tonneau.fr\/en\/wp-json\/wp\/v2\/product_brand?post=457"},{"taxonomy":"product_cat","embeddable":true,"href":"https:\/\/art-du-tonneau.fr\/en\/wp-json\/wp\/v2\/product_cat?post=457"},{"taxonomy":"product_tag","embeddable":true,"href":"https:\/\/art-du-tonneau.fr\/en\/wp-json\/wp\/v2\/product_tag?post=457"}],"curies":[{"name":"wp","href":"https:\/\/api.w.org\/{rel}","templated":true}]}}