{"id":763,"date":"2022-12-20T09:15:21","date_gmt":"2022-12-20T09:15:21","guid":{"rendered":"https:\/\/art-du-tonneau.fr\/?post_type=product&#038;p=763"},"modified":"2025-10-29T11:25:16","modified_gmt":"2025-10-29T11:25:16","slug":"crachoir-de-table","status":"publish","type":"product","link":"https:\/\/art-du-tonneau.fr\/en\/product\/crachoir-de-table","title":{"rendered":"Crachoir de Table \/ Seau \u00e0 Champagne"},"content":{"rendered":"<p>[et_pb_section fb_built=&#8221;1&#8243; _builder_version=&#8221;4.16&#8243; custom_padding=&#8221;0px||||false|false&#8221; global_colors_info=&#8221;{}&#8221;][et_pb_row _builder_version=&#8221;4.16&#8243; background_size=&#8221;initial&#8221; background_position=&#8221;top_left&#8221; background_repeat=&#8221;repeat&#8221; width=&#8221;100%&#8221; custom_padding=&#8221;0px||0px||false|false&#8221; global_colors_info=&#8221;{}&#8221;][et_pb_column type=&#8221;4_4&#8243; _builder_version=&#8221;4.16&#8243; custom_padding=&#8221;|||&#8221; global_colors_info=&#8221;{}&#8221; custom_padding__hover=&#8221;|||&#8221;][et_pb_wc_breadcrumb _builder_version=&#8221;4.16&#8243; global_colors_info=&#8221;{}&#8221;][\/et_pb_wc_breadcrumb][et_pb_wc_cart_notice _builder_version=&#8221;4.16&#8243; global_colors_info=&#8221;{}&#8221;][\/et_pb_wc_cart_notice][\/et_pb_column][\/et_pb_row][et_pb_row column_structure=&#8221;1_2,1_2&#8243; _builder_version=&#8221;4.16&#8243; background_size=&#8221;initial&#8221; background_position=&#8221;top_left&#8221; background_repeat=&#8221;repeat&#8221; width=&#8221;100%&#8221; custom_padding=&#8221;0px||||false|false&#8221; global_colors_info=&#8221;{}&#8221;][et_pb_column type=&#8221;1_2&#8243; _builder_version=&#8221;4.16&#8243; custom_padding=&#8221;|||&#8221; global_colors_info=&#8221;{}&#8221; custom_padding__hover=&#8221;|||&#8221;][et_pb_wc_images _builder_version=&#8221;4.16&#8243; global_colors_info=&#8221;{}&#8221;][\/et_pb_wc_images][\/et_pb_column][et_pb_column type=&#8221;1_2&#8243; _builder_version=&#8221;4.16&#8243; custom_padding=&#8221;|||&#8221; global_colors_info=&#8221;{}&#8221; custom_padding__hover=&#8221;|||&#8221;][et_pb_wc_title _builder_version=&#8221;4.16&#8243; global_colors_info=&#8221;{}&#8221;][\/et_pb_wc_title][et_pb_wc_rating _builder_version=&#8221;4.16&#8243; global_colors_info=&#8221;{}&#8221;][\/et_pb_wc_rating][et_pb_wc_price _builder_version=&#8221;4.16&#8243; global_colors_info=&#8221;{}&#8221;][\/et_pb_wc_price][et_pb_wc_description _builder_version=&#8221;4.16&#8243; global_colors_info=&#8221;{}&#8221;][\/et_pb_wc_description][et_pb_wc_add_to_cart _builder_version=&#8221;4.19.2&#8243; custom_button=&#8221;on&#8221; button_text_color=&#8221;#F2EAE3&#8243; button_bg_color=&#8221;#77322B&#8221; button_border_width=&#8221;5px&#8221; button_border_color=&#8221;#77322B&#8221; global_colors_info=&#8221;{}&#8221; button_bg_color__hover_enabled=&#8221;on|desktop&#8221; button_bg_color__hover=&#8221;#77322B&#8221;][\/et_pb_wc_add_to_cart][et_pb_wc_meta _builder_version=&#8221;4.16&#8243; global_colors_info=&#8221;{}&#8221;][\/et_pb_wc_meta][\/et_pb_column][\/et_pb_row][et_pb_row _builder_version=&#8221;4.16&#8243; background_size=&#8221;initial&#8221; background_position=&#8221;top_left&#8221; background_repeat=&#8221;repeat&#8221; width=&#8221;100%&#8221; global_colors_info=&#8221;{}&#8221;][et_pb_column type=&#8221;4_4&#8243; _builder_version=&#8221;4.16&#8243; custom_padding=&#8221;|||&#8221; global_colors_info=&#8221;{}&#8221; custom_padding__hover=&#8221;|||&#8221;][et_pb_wc_tabs _builder_version=&#8221;4.16&#8243; global_colors_info=&#8221;{}&#8221;] [\/et_pb_wc_tabs][et_pb_wc_upsells _builder_version=&#8221;4.16&#8243; global_colors_info=&#8221;{}&#8221;][\/et_pb_wc_upsells][et_pb_wc_related_products _builder_version=&#8221;4.16&#8243; global_colors_info=&#8221;{}&#8221;][\/et_pb_wc_related_products][\/et_pb_column][\/et_pb_row][\/et_pb_section][et_pb_section fb_built=&#8221;1&#8243; _builder_version=&#8221;4.19.2&#8243; _module_preset=&#8221;default&#8221; custom_padding=&#8221;0px|||||&#8221; global_colors_info=&#8221;{}&#8221;][et_pb_row _builder_version=&#8221;4.19.2&#8243; _module_preset=&#8221;default&#8221; global_colors_info=&#8221;{}&#8221;][et_pb_column type=&#8221;4_4&#8243; _builder_version=&#8221;4.19.2&#8243; _module_preset=&#8221;default&#8221; global_colors_info=&#8221;{}&#8221;][et_pb_text _builder_version=&#8221;4.19.2&#8243; _module_preset=&#8221;default&#8221; text_font=&#8221;|600|||||||&#8221; text_text_color=&#8221;#77322B&#8221; text_font_size=&#8221;36px&#8221; text_orientation=&#8221;center&#8221; global_colors_info=&#8221;{}&#8221;]Vous allez aussi aimer<br \/>\n[\/et_pb_text][et_pb_shop type=&#8221;product_category&#8221; posts_number=&#8221;4&#8243; include_categories=&#8221;current&#8221; _builder_version=&#8221;4.19.2&#8243; _module_preset=&#8221;default&#8221; title_font_size=&#8221;16px&#8221; price_text_align=&#8221;center&#8221; price_text_color=&#8221;#77322B&#8221; price_font_size=&#8221;16px&#8221; global_colors_info=&#8221;{}&#8221;][\/et_pb_shop][\/et_pb_column][\/et_pb_row][\/et_pb_section]<\/p>\n","protected":false},"excerpt":{"rendered":"<p><strong>Spittoon Table<\/strong><\/p>\n<p>Table spittoon in varnished oak. Aluminum cone allows you to make your tastings in any place. By removing the stainless steel cone which is slightly raised for easy removal, you will have a champagne bucket to keep your bottles cool.<\/p>\n<p>Finish : Galvanized, Varnished exterior, Aluminum interior, Galvanized handles, Aluminum cone<\/p>\n<p>Size:<\/p>\n<p>Height : 24 cm<\/p>\n<p>High diameter : 22 cm<\/p>\n<p>Low diameter : 19 cm<\/p>\n<p>Frais de ports inclus<\/p>","protected":false},"featured_media":780,"template":"","meta":{"_et_pb_use_builder":"on","_et_pb_old_content":"","_et_gb_content_width":""},"product_brand":[],"product_cat":[34,29],"product_tag":[59],"class_list":{"0":"post-763","1":"product","2":"type-product","3":"status-publish","4":"has-post-thumbnail","6":"product_cat-seau-a-champagne","7":"product_cat-tonnellerie-dart","8":"product_tag-crachoir","10":"first","11":"instock","12":"taxable","13":"shipping-taxable","14":"purchasable","15":"product-type-simple"},"yoast_head":"<!-- This site is optimized with the Yoast SEO plugin v27.3 - https:\/\/yoast.com\/product\/yoast-seo-wordpress\/ -->\n<title>Crachoir de Table \/ Seau \u00e0 Champagne - ART DU TONNEAU<\/title>\n<meta name=\"description\" content=\"Crachoir de Table en ch\u00eane verni. Le c\u00f4ne en aluminium vous permet de faire vos d\u00e9gustations dans tous les lieux et peut servir de seau \u00e0 champagne. Frais de ports inclus.\" \/>\n<meta name=\"robots\" content=\"index, follow, max-snippet:-1, max-image-preview:large, max-video-preview:-1\" \/>\n<link rel=\"canonical\" href=\"https:\/\/art-du-tonneau.fr\/en\/product\/crachoir-de-table\/\" \/>\n<meta property=\"og:locale\" content=\"en_GB\" \/>\n<meta property=\"og:type\" content=\"article\" \/>\n<meta property=\"og:title\" content=\"Crachoir de Table \/ Seau \u00e0 Champagne - ART DU TONNEAU\" \/>\n<meta property=\"og:description\" content=\"Crachoir de Table en ch\u00eane verni. Le c\u00f4ne en aluminium vous permet de faire vos d\u00e9gustations dans tous les lieux et peut servir de seau \u00e0 champagne. Frais de ports inclus.\" \/>\n<meta property=\"og:url\" content=\"https:\/\/art-du-tonneau.fr\/en\/product\/crachoir-de-table\/\" \/>\n<meta property=\"og:site_name\" content=\"ART DU TONNEAU\" \/>\n<meta property=\"article:publisher\" content=\"https:\/\/www.facebook.com\/login\/?next=httpswww.facebook.comart.dutonneau\" \/>\n<meta property=\"article:modified_time\" content=\"2025-10-29T11:25:16+00:00\" \/>\n<meta property=\"og:image\" content=\"https:\/\/art-du-tonneau.fr\/wp-content\/uploads\/2022\/12\/IMG_1115-scaled.jpg\" \/>\n\t<meta property=\"og:image:width\" content=\"1707\" \/>\n\t<meta property=\"og:image:height\" content=\"2560\" \/>\n\t<meta property=\"og:image:type\" content=\"image\/jpeg\" \/>\n<meta name=\"twitter:card\" content=\"summary_large_image\" \/>\n<meta name=\"twitter:label1\" content=\"Estimated reading time\" \/>\n\t<meta name=\"twitter:data1\" content=\"2 minutes\" \/>\n<script type=\"application\/ld+json\" class=\"yoast-schema-graph\">{\"@context\":\"https:\\\/\\\/schema.org\",\"@graph\":[{\"@type\":\"WebPage\",\"@id\":\"https:\\\/\\\/art-du-tonneau.fr\\\/produit\\\/crachoir-de-table\",\"url\":\"https:\\\/\\\/art-du-tonneau.fr\\\/produit\\\/crachoir-de-table\",\"name\":\"Crachoir de Table \\\/ Seau \u00e0 Champagne - ART DU TONNEAU\",\"isPartOf\":{\"@id\":\"https:\\\/\\\/art-du-tonneau.fr\\\/#website\"},\"primaryImageOfPage\":{\"@id\":\"https:\\\/\\\/art-du-tonneau.fr\\\/produit\\\/crachoir-de-table#primaryimage\"},\"image\":{\"@id\":\"https:\\\/\\\/art-du-tonneau.fr\\\/produit\\\/crachoir-de-table#primaryimage\"},\"thumbnailUrl\":\"https:\\\/\\\/art-du-tonneau.fr\\\/wp-content\\\/uploads\\\/2022\\\/12\\\/IMG_1115-scaled.jpg\",\"datePublished\":\"2022-12-20T09:15:21+00:00\",\"dateModified\":\"2025-10-29T11:25:16+00:00\",\"description\":\"Crachoir de Table en ch\u00eane verni. Le c\u00f4ne en aluminium vous permet de faire vos d\u00e9gustations dans tous les lieux et peut servir de seau \u00e0 champagne. Frais de ports inclus.\",\"breadcrumb\":{\"@id\":\"https:\\\/\\\/art-du-tonneau.fr\\\/produit\\\/crachoir-de-table#breadcrumb\"},\"inLanguage\":\"en-GB\",\"potentialAction\":[{\"@type\":\"ReadAction\",\"target\":[\"https:\\\/\\\/art-du-tonneau.fr\\\/produit\\\/crachoir-de-table\"]}]},{\"@type\":\"ImageObject\",\"inLanguage\":\"en-GB\",\"@id\":\"https:\\\/\\\/art-du-tonneau.fr\\\/produit\\\/crachoir-de-table#primaryimage\",\"url\":\"https:\\\/\\\/art-du-tonneau.fr\\\/wp-content\\\/uploads\\\/2022\\\/12\\\/IMG_1115-scaled.jpg\",\"contentUrl\":\"https:\\\/\\\/art-du-tonneau.fr\\\/wp-content\\\/uploads\\\/2022\\\/12\\\/IMG_1115-scaled.jpg\",\"width\":1707,\"height\":2560},{\"@type\":\"BreadcrumbList\",\"@id\":\"https:\\\/\\\/art-du-tonneau.fr\\\/produit\\\/crachoir-de-table#breadcrumb\",\"itemListElement\":[{\"@type\":\"ListItem\",\"position\":1,\"name\":\"Accueil\",\"item\":\"https:\\\/\\\/art-du-tonneau.fr\\\/\"},{\"@type\":\"ListItem\",\"position\":2,\"name\":\"Boutique\",\"item\":\"https:\\\/\\\/art-du-tonneau.fr\\\/en\\\/boutique\"},{\"@type\":\"ListItem\",\"position\":3,\"name\":\"Crachoir de Table \\\/ Seau \u00e0 Champagne\"}]},{\"@type\":\"WebSite\",\"@id\":\"https:\\\/\\\/art-du-tonneau.fr\\\/#website\",\"url\":\"https:\\\/\\\/art-du-tonneau.fr\\\/\",\"name\":\"ART DU TONNEAU\",\"description\":\"D\u00e9couvrez la tonnellerie autrement avec un concept unique en France. Une expertise autour du tonneau . La vente de produits originaux sur le th\u00e8me de la tonnellerie.\",\"publisher\":{\"@id\":\"https:\\\/\\\/art-du-tonneau.fr\\\/#organization\"},\"potentialAction\":[{\"@type\":\"SearchAction\",\"target\":{\"@type\":\"EntryPoint\",\"urlTemplate\":\"https:\\\/\\\/art-du-tonneau.fr\\\/?s={search_term_string}\"},\"query-input\":{\"@type\":\"PropertyValueSpecification\",\"valueRequired\":true,\"valueName\":\"search_term_string\"}}],\"inLanguage\":\"en-GB\"},{\"@type\":\"Organization\",\"@id\":\"https:\\\/\\\/art-du-tonneau.fr\\\/#organization\",\"name\":\"ART DU TONNEAU\",\"url\":\"https:\\\/\\\/art-du-tonneau.fr\\\/\",\"logo\":{\"@type\":\"ImageObject\",\"inLanguage\":\"en-GB\",\"@id\":\"https:\\\/\\\/art-du-tonneau.fr\\\/#\\\/schema\\\/logo\\\/image\\\/\",\"url\":\"https:\\\/\\\/art-du-tonneau.fr\\\/wp-content\\\/uploads\\\/2022\\\/11\\\/Logo-ADT1.jpg\",\"contentUrl\":\"https:\\\/\\\/art-du-tonneau.fr\\\/wp-content\\\/uploads\\\/2022\\\/11\\\/Logo-ADT1.jpg\",\"width\":500,\"height\":199,\"caption\":\"ART DU TONNEAU\"},\"image\":{\"@id\":\"https:\\\/\\\/art-du-tonneau.fr\\\/#\\\/schema\\\/logo\\\/image\\\/\"},\"sameAs\":[\"https:\\\/\\\/www.facebook.com\\\/login\\\/?next=httpswww.facebook.comart.dutonneau\",\"https:\\\/\\\/www.linkedin.com\\\/in\\\/gillet-frdric-42ba4abb\",\"https:\\\/\\\/www.instagram.com\\\/art_du_tonneau\\\/\"]}]}<\/script>\n<!-- \/ Yoast SEO plugin. -->","yoast_head_json":{"title":"Crachoir de Table \/ Seau \u00e0 Champagne - ART DU TONNEAU","description":"Crachoir de Table en ch\u00eane verni. Le c\u00f4ne en aluminium vous permet de faire vos d\u00e9gustations dans tous les lieux et peut servir de seau \u00e0 champagne. Frais de ports inclus.","robots":{"index":"index","follow":"follow","max-snippet":"max-snippet:-1","max-image-preview":"max-image-preview:large","max-video-preview":"max-video-preview:-1"},"canonical":"https:\/\/art-du-tonneau.fr\/en\/product\/crachoir-de-table\/","og_locale":"en_GB","og_type":"article","og_title":"Crachoir de Table \/ Seau \u00e0 Champagne - ART DU TONNEAU","og_description":"Crachoir de Table en ch\u00eane verni. Le c\u00f4ne en aluminium vous permet de faire vos d\u00e9gustations dans tous les lieux et peut servir de seau \u00e0 champagne. Frais de ports inclus.","og_url":"https:\/\/art-du-tonneau.fr\/en\/product\/crachoir-de-table\/","og_site_name":"ART DU TONNEAU","article_publisher":"https:\/\/www.facebook.com\/login\/?next=httpswww.facebook.comart.dutonneau","article_modified_time":"2025-10-29T11:25:16+00:00","og_image":[{"width":1707,"height":2560,"url":"https:\/\/art-du-tonneau.fr\/wp-content\/uploads\/2022\/12\/IMG_1115-scaled.jpg","type":"image\/jpeg"}],"twitter_card":"summary_large_image","twitter_misc":{"Estimated reading time":"2 minutes"},"schema":{"@context":"https:\/\/schema.org","@graph":[{"@type":"WebPage","@id":"https:\/\/art-du-tonneau.fr\/produit\/crachoir-de-table","url":"https:\/\/art-du-tonneau.fr\/produit\/crachoir-de-table","name":"Crachoir de Table \/ Seau \u00e0 Champagne - ART DU TONNEAU","isPartOf":{"@id":"https:\/\/art-du-tonneau.fr\/#website"},"primaryImageOfPage":{"@id":"https:\/\/art-du-tonneau.fr\/produit\/crachoir-de-table#primaryimage"},"image":{"@id":"https:\/\/art-du-tonneau.fr\/produit\/crachoir-de-table#primaryimage"},"thumbnailUrl":"https:\/\/art-du-tonneau.fr\/wp-content\/uploads\/2022\/12\/IMG_1115-scaled.jpg","datePublished":"2022-12-20T09:15:21+00:00","dateModified":"2025-10-29T11:25:16+00:00","description":"Crachoir de Table en ch\u00eane verni. Le c\u00f4ne en aluminium vous permet de faire vos d\u00e9gustations dans tous les lieux et peut servir de seau \u00e0 champagne. Frais de ports inclus.","breadcrumb":{"@id":"https:\/\/art-du-tonneau.fr\/produit\/crachoir-de-table#breadcrumb"},"inLanguage":"en-GB","potentialAction":[{"@type":"ReadAction","target":["https:\/\/art-du-tonneau.fr\/produit\/crachoir-de-table"]}]},{"@type":"ImageObject","inLanguage":"en-GB","@id":"https:\/\/art-du-tonneau.fr\/produit\/crachoir-de-table#primaryimage","url":"https:\/\/art-du-tonneau.fr\/wp-content\/uploads\/2022\/12\/IMG_1115-scaled.jpg","contentUrl":"https:\/\/art-du-tonneau.fr\/wp-content\/uploads\/2022\/12\/IMG_1115-scaled.jpg","width":1707,"height":2560},{"@type":"BreadcrumbList","@id":"https:\/\/art-du-tonneau.fr\/produit\/crachoir-de-table#breadcrumb","itemListElement":[{"@type":"ListItem","position":1,"name":"Accueil","item":"https:\/\/art-du-tonneau.fr\/"},{"@type":"ListItem","position":2,"name":"Boutique","item":"https:\/\/art-du-tonneau.fr\/en\/boutique"},{"@type":"ListItem","position":3,"name":"Crachoir de Table \/ Seau \u00e0 Champagne"}]},{"@type":"WebSite","@id":"https:\/\/art-du-tonneau.fr\/#website","url":"https:\/\/art-du-tonneau.fr\/","name":"ART DU TONNEAU","description":"D\u00e9couvrez la tonnellerie autrement avec un concept unique en France. Une expertise autour du tonneau . La vente de produits originaux sur le th\u00e8me de la tonnellerie.","publisher":{"@id":"https:\/\/art-du-tonneau.fr\/#organization"},"potentialAction":[{"@type":"SearchAction","target":{"@type":"EntryPoint","urlTemplate":"https:\/\/art-du-tonneau.fr\/?s={search_term_string}"},"query-input":{"@type":"PropertyValueSpecification","valueRequired":true,"valueName":"search_term_string"}}],"inLanguage":"en-GB"},{"@type":"Organization","@id":"https:\/\/art-du-tonneau.fr\/#organization","name":"ART DU TONNEAU","url":"https:\/\/art-du-tonneau.fr\/","logo":{"@type":"ImageObject","inLanguage":"en-GB","@id":"https:\/\/art-du-tonneau.fr\/#\/schema\/logo\/image\/","url":"https:\/\/art-du-tonneau.fr\/wp-content\/uploads\/2022\/11\/Logo-ADT1.jpg","contentUrl":"https:\/\/art-du-tonneau.fr\/wp-content\/uploads\/2022\/11\/Logo-ADT1.jpg","width":500,"height":199,"caption":"ART DU TONNEAU"},"image":{"@id":"https:\/\/art-du-tonneau.fr\/#\/schema\/logo\/image\/"},"sameAs":["https:\/\/www.facebook.com\/login\/?next=httpswww.facebook.comart.dutonneau","https:\/\/www.linkedin.com\/in\/gillet-frdric-42ba4abb","https:\/\/www.instagram.com\/art_du_tonneau\/"]}]}},"_links":{"self":[{"href":"https:\/\/art-du-tonneau.fr\/en\/wp-json\/wp\/v2\/product\/763","targetHints":{"allow":["GET"]}}],"collection":[{"href":"https:\/\/art-du-tonneau.fr\/en\/wp-json\/wp\/v2\/product"}],"about":[{"href":"https:\/\/art-du-tonneau.fr\/en\/wp-json\/wp\/v2\/types\/product"}],"wp:featuredmedia":[{"embeddable":true,"href":"https:\/\/art-du-tonneau.fr\/en\/wp-json\/wp\/v2\/media\/780"}],"wp:attachment":[{"href":"https:\/\/art-du-tonneau.fr\/en\/wp-json\/wp\/v2\/media?parent=763"}],"wp:term":[{"taxonomy":"product_brand","embeddable":true,"href":"https:\/\/art-du-tonneau.fr\/en\/wp-json\/wp\/v2\/product_brand?post=763"},{"taxonomy":"product_cat","embeddable":true,"href":"https:\/\/art-du-tonneau.fr\/en\/wp-json\/wp\/v2\/product_cat?post=763"},{"taxonomy":"product_tag","embeddable":true,"href":"https:\/\/art-du-tonneau.fr\/en\/wp-json\/wp\/v2\/product_tag?post=763"}],"curies":[{"name":"wp","href":"https:\/\/api.w.org\/{rel}","templated":true}]}}